{"id":12797,"date":"2023-01-09T12:02:48","date_gmt":"2023-01-09T17:02:48","guid":{"rendered":"https:\/\/revues.dev.uqam.ca\/iref\/?page_id=11"},"modified":"2025-02-14T23:10:41","modified_gmt":"2025-02-14T23:10:41","slug":"presentation-de-la-revue","status":"publish","type":"page","link":"https:\/\/revues-alpha.uqam.ca\/feminetudes\/a-propos\/presentation-de-la-revue\/","title":{"rendered":"Pr\u00e9sentation de la revue"},"content":{"rendered":"\n<div class=\"wp-block-advgb-columns advgb-columns-wrapper\" id=\"advgb-cols-d8bb8315-0c0d-4ffa-9b43-c839d44d0374\"><div class=\"advgb-columns-container\"><div class=\"advgb-columns advgb-columns-row advgb-is-mobile advgb-columns-2 layout-23-13 mbl-layout-stacked gutter-70 vgutter-10\">\n<div class=\"wp-block-advgb-column advgb-column\" id=\"advgb-col-292c2429-8a98-4b30-a544-a4f461a56e7d\"><div class=\"advgb-column-inner\" style=\"border-style:none;border-width:1px\">\n<p><em>F\u00e9min\u00c9tudes <\/em>est une revue \u00e9tudiante, f\u00e9ministe et multidisciplinaire. La revue est n\u00e9e en 1995 de l\u2019initiative d\u2019\u00e9tudiantes f\u00e9ministes dans l\u2019int\u00e9r\u00eat de partager leurs recherches et de cr\u00e9er un groupe affinitaire. Depuis, elle publie en moyenne un num\u00e9ro par an ou par deux ans. Toutes les contributions passent par un processus de r\u00e9vision par les pairs. La revue est autog\u00e9r\u00e9e par des collectifs de r\u00e9daction b\u00e9n\u00e9voles et elle est soutenue par l\u2019Institut de recherches et d\u2019\u00e9tudes f\u00e9ministes (IREF) de l\u2019Universit\u00e9 du Qu\u00e9bec \u00e0 Montr\u00e9al (UQAM). Les num\u00e9ros sont disponibles en libre acc\u00e8s sur le site web, ainsi que dans certaines librairies montr\u00e9alaises ind\u00e9pendantes.\u00a0\u00a0<\/p>\n\n\n\n<p><\/p>\n\n\n\n<p>Au fil des ans, <em>F\u00e9min\u00c9tudes <\/em>a r\u00e9ussi \u00e0 se b\u00e2tir une r\u00e9putation et une l\u00e9gitimit\u00e9 dans le champ de la recherche en \u00e9tudes f\u00e9ministes, car elle offre une tribune aux travaux et aux r\u00e9flexions de nombreux\u00b7ses \u00e9tudiant\u00b7es. Au-del\u00e0 de la recherche, c\u2019est \u00e9galement pour l\u2019avancement des luttes f\u00e9ministes que <em>F\u00e9min\u00c9tudes <\/em>souhaite continuer \u00e0 grandir.<\/p>\n\n\n\n<p>Ce site web propose cinq rubriques principales :<\/p>\n\n\n\n<p>1. Soumission : Consultez le <a href=\"https:\/\/revues-alpha.uqam.ca\/feminetudes\/soumission-d-un-manuscrit\/comment-soumettre\/\">protocole de soumission et de r\u00e9vision<\/a>, ainsi que le <a href=\"https:\/\/revues-alpha.uqam.ca\/feminetudes\/protocoles-de-redaction\/\">protocole de r\u00e9daction<\/a> adopt\u00e9 par la revue.\u00a0Vous pouvez \u00e9galement consulter les <a href=\"https:\/\/revues-alpha.uqam.ca\/feminetudes\/soumission-d-un-manuscrit\/directives-aux-personnes-autrices\/\">directives aux personnes autrices<\/a> et l\u2019<a href=\"https:\/\/revues-alpha.uqam.ca\/feminetudes\/appel-a-contributions-en-cours\/\">appel \u00e0 contributions<\/a> en cours pour notre prochain num\u00e9ro th\u00e9matique.<\/p>\n\n\n\n<p>2. Num\u00e9ros : Acc\u00e9dez aux <a href=\"https:\/\/revues-alpha.uqam.ca\/feminetudes\/numeros-revue\/archives\/\">num\u00e9ros archiv\u00e9s<\/a> (1 \u00e0 20) disponibles en PDF, ainsi qu\u2019aux num\u00e9ros r\u00e9cents (\u00e0 partir du num\u00e9ro 21) en libre acc\u00e8s, disponibles en HTML et en PDF.<\/p>\n\n\n\n<p>3. Carnets de recherche : Explorez nos publications dans  \u00ab <a href=\"https:\/\/revues-alpha.uqam.ca\/feminetudes\/numero_carnets_de_recherche\/perspectives-ecofeministes\/\">Perspectives \u00e9cof\u00e9ministes<\/a> \u00bb et \u00ab <a href=\"https:\/\/revues-alpha.uqam.ca\/feminetudes\/numero_carnets_de_recherche\/recherches-actuelles\/\">Recherches actuelles<\/a> \u00bb, nos deux carnets de recherche. Il s&rsquo;agit de num\u00e9ros ouverts : n\u2019h\u00e9sitez pas \u00e0 soumettre vos contributions !<\/p>\n\n\n\n<p>4. <a href=\"https:\/\/revues-alpha.uqam.ca\/feminetudes\/numeros\/guide-decriture-inclusive\/\">Guide d&rsquo;\u00e9criture inclusive<\/a> : Consultez notre guide d&rsquo;\u00e9criture inclusive en format HTML ou PDF. <\/p>\n\n\n\n<p>5. <a href=\"https:\/\/revues-alpha.uqam.ca\/feminetudes\/activites\/\">Calendrier<\/a> : Suivez toutes les activit\u00e9s organis\u00e9es ou soutenues par F\u00e9min\u00c9tudes.&nbsp;<\/p>\n\n\n\n<p>N&rsquo;h\u00e9sitez pas \u00e0 nous \u00e9crire pour toutes questions au : <a href=\"mailto:revue.feminetudes@gmail.com\">revue.feminetudes@gmail.com<\/a> ! <\/p>\n<\/div><\/div>\n\n\n\n<div class=\"wp-block-advgb-column advgb-column\" id=\"advgb-col-f7cc9ad5-cc9d-417f-afb9-8296e6d41142\"><div class=\"advgb-column-inner\" style=\"border-style:none;border-width:1px\">\n<h3 class=\"wp-block-heading\" id=\"titretop\">\u00c0 propos de la revue<\/h3>\n\n\n\n<table class=\"wp-block-advgb-table advgb-table-frontend\" style=\"border-collapse:collapse\"><tbody><tr><td style=\"border-top-color:#000;border-right-color:#000;border-bottom-color:#000;border-left-color:#000;text-align:left;vertical-align:top;border-width:1px;width:50%\">Ann\u00e9e de parution<\/td><td style=\"text-align:left;vertical-align:top;border-top-color:#000;border-right-color:#000;border-bottom-color:#000;border-left-color:#000;border-width:1px\">1995<\/td><\/tr><tr><td style=\"border-top-color:#000;border-right-color:#000;border-bottom-color:#000;border-left-color:#000;border-width:1px;text-align:left;vertical-align:top;width:50%\">ISSN<\/td><td style=\"border-top-color:#000;border-right-color:#000;border-bottom-color:#000;border-left-color:#000;border-width:1px;text-align:left;vertical-align:top\">1911-4176<\/td><\/tr><tr><td style=\"border-top-color:#000;border-right-color:#000;border-bottom-color:#000;border-left-color:#000;border-width:1px;text-align:left;vertical-align:top;width:50%\">Fr\u00e9quence de publication<\/td><td style=\"border-top-color:#000;border-right-color:#000;border-bottom-color:#000;border-left-color:#000;border-width:1px;text-align:left;vertical-align:top\">Un num\u00e9ro par an ou par deux ans<\/td><\/tr><tr><td style=\"border-top-color:#000;border-right-color:#000;border-bottom-color:#000;border-left-color:#000;border-width:1px;text-align:left;vertical-align:top;width:50%\">Langue de publication<\/td><td style=\"border-top-color:#000;border-right-color:#000;border-bottom-color:#000;border-left-color:#000;border-width:1px;text-align:left;vertical-align:top\">Fran\u00e7ais<\/td><\/tr><\/tbody><\/table>\n\n\n\n<h3 class=\"wp-block-heading\">Pratiques \u00e9ditoriales<\/h3>\n\n\n\n<table class=\"wp-block-advgb-table advgb-table-frontend\" style=\"border-collapse:collapse\"><tbody><tr><td style=\"border-top-color:#000;border-right-color:#000;border-bottom-color:#000;border-left-color:#000;border-width:1px;text-align:left;vertical-align:top;width:50%\">R\u00e9vision par les pairs<\/td><td style=\"border-top-color:#000;border-right-color:#000;border-bottom-color:#000;border-left-color:#000;border-width:1px;text-align:left;vertical-align:top\">Oui, en \u00e9valuation ouverte par les pairs<\/td><\/tr><tr><td style=\"border-top-color:#000;border-right-color:#000;border-bottom-color:#000;border-left-color:#000;border-width:1px;text-align:left;vertical-align:top;width:50%\">Libre acc\u00e8s<\/td><td style=\"border-top-color:#000;border-right-color:#000;border-bottom-color:#000;border-left-color:#000;border-width:1px;text-align:left;vertical-align:top\">Oui<\/td><\/tr><tr><td style=\"border-top-color:#000;border-right-color:#000;border-bottom-color:#000;border-left-color:#000;border-width:1px;text-align:left;vertical-align:top;width:50%\">Licence Creative Commons attribu\u00e9e aux articles<\/td><td style=\"border-top-color:#000;border-right-color:#000;border-bottom-color:#000;border-left-color:#000;border-width:1px;text-align:left;vertical-align:top\">CC BY-NC 4.0<\/td><\/tr><\/tbody><\/table>\n\n\n\n<h3 class=\"wp-block-heading\">Organisation<\/h3>\n\n\n\n<table class=\"wp-block-advgb-table advgb-table-frontend\" style=\"border-collapse:collapse\"><tbody><tr><td style=\"border-top-color:#000;border-right-color:#000;border-bottom-color:#000;border-left-color:#000;border-width:1px;text-align:left;vertical-align:top;width:50%\">\u00c9diteur de la revue<\/td><td style=\"border-top-color:#000;border-right-color:#000;border-bottom-color:#000;border-left-color:#000;border-width:1px;text-align:left;vertical-align:top\">Institut de recherches et d\u2019\u00e9tudes f\u00e9ministes (IREF)<\/td><\/tr><tr><td style=\"border-top-color:#000;border-right-color:#000;border-bottom-color:#000;border-left-color:#000;border-width:1px;text-align:left;vertical-align:top;width:50%\">Pays de l&rsquo;\u00e9diteur<\/td><td style=\"border-top-color:#000;border-right-color:#000;border-bottom-color:#000;border-left-color:#000;border-width:1px;text-align:left;vertical-align:top\">Canada<\/td><\/tr><\/tbody><\/table>\n\n\n\n<h3 class=\"wp-block-heading\">Sources de financement<\/h3>\n\n\n\n<table class=\"wp-block-advgb-table advgb-table-frontend\" style=\"border-collapse:collapse\"><tbody><tr><td style=\"border-top-color:#000;border-right-color:#000;border-bottom-color:#000;border-left-color:#000;border-width:1px;text-align:left;vertical-align:top;width:50%\">Dons<\/td><td style=\"border-top-color:#000;border-right-color:#000;border-bottom-color:#000;border-left-color:#000;border-width:1px;text-align:left;vertical-align:top\">Non<\/td><\/tr><tr><td style=\"border-top-color:#000;border-right-color:#000;border-bottom-color:#000;border-left-color:#000;border-width:1px;text-align:left;vertical-align:top;width:50%\">Subventions<\/td><td style=\"border-top-color:#000;border-right-color:#000;border-bottom-color:#000;border-left-color:#000;border-width:1px;text-align:left;vertical-align:top\">Oui<\/td><\/tr><tr><td style=\"border-top-color:#000;border-right-color:#000;border-bottom-color:#000;border-left-color:#000;border-width:1px;text-align:left;vertical-align:top;width:50%\">Frais d&rsquo;abonnement<\/td><td style=\"border-top-color:#000;border-right-color:#000;border-bottom-color:#000;border-left-color:#000;border-width:1px;text-align:left;vertical-align:top\">Aucuns<\/td><\/tr><tr><td style=\"border-top-color:#000;border-right-color:#000;border-bottom-color:#000;border-left-color:#000;border-width:1px;text-align:left;vertical-align:top;width:50%\">Frais de publication<\/td><td style=\"border-top-color:#000;border-right-color:#000;border-bottom-color:#000;border-left-color:#000;border-width:1px;text-align:left;vertical-align:top\">Aucuns<\/td><\/tr><\/tbody><\/table>\n<\/div><\/div>\n<\/div><\/div><\/div>\n<style class=\"advgb-styles-renderer\">#advgb-col-292c2429-8a98-4b30-a544-a4f461a56e7d>.advgb-column-inner{}@media screen and (max-width: 1023px) {#advgb-col-292c2429-8a98-4b30-a544-a4f461a56e7d>.advgb-column-inner{}}@media screen and (max-width: 767px) {#advgb-col-292c2429-8a98-4b30-a544-a4f461a56e7d>.advgb-column-inner{}}#advgb-col-f7cc9ad5-cc9d-417f-afb9-8296e6d41142>.advgb-column-inner{}@media screen and (max-width: 1023px) {#advgb-col-f7cc9ad5-cc9d-417f-afb9-8296e6d41142>.advgb-column-inner{}}@media screen and (max-width: 767px) {#advgb-col-f7cc9ad5-cc9d-417f-afb9-8296e6d41142>.advgb-column-inner{}}#advgb-cols-d8bb8315-0c0d-4ffa-9b43-c839d44d0374{}@media screen and (max-width: 1023px) {#advgb-cols-d8bb8315-0c0d-4ffa-9b43-c839d44d0374{}}@media screen and (max-width: 767px) {#advgb-cols-d8bb8315-0c0d-4ffa-9b43-c839d44d0374{}}#advgb-col-292c2429-8a98-4b30-a544-a4f461a56e7d>.advgb-column-inner{}@media screen and (max-width: 1023px) {#advgb-col-292c2429-8a98-4b30-a544-a4f461a56e7d>.advgb-column-inner{}}@media screen and (max-width: 767px) {#advgb-col-292c2429-8a98-4b30-a544-a4f461a56e7d>.advgb-column-inner{}}#advgb-col-f7cc9ad5-cc9d-417f-afb9-8296e6d41142>.advgb-column-inner{}@media screen and (max-width: 1023px) {#advgb-col-f7cc9ad5-cc9d-417f-afb9-8296e6d41142>.advgb-column-inner{}}@media screen and (max-width: 767px) {#advgb-col-f7cc9ad5-cc9d-417f-afb9-8296e6d41142>.advgb-column-inner{}}<\/style>","protected":false},"excerpt":{"rendered":"","protected":false},"author":1,"featured_media":0,"parent":18,"menu_order":0,"comment_status":"closed","ping_status":"closed","template":"","meta":{"_acf_changed":false,"advgb_blocks_editor_width":"","advgb_blocks_columns_visual_guide":"","footnotes":""},"categories":[],"class_list":["post-12797","page","type-page","status-publish","hentry"],"acf":[],"yoast_head":"<!-- This site is optimized with the Yoast SEO plugin v27.4 - https:\/\/yoast.com\/product\/yoast-seo-wordpress\/ -->\n<title>Pr\u00e9sentation de la revue | Revue F\u00e9min\u00c9tudes<\/title>\n<meta name=\"robots\" content=\"index, follow, max-snippet:-1, max-image-preview:large, max-video-preview:-1\" \/>\n<link rel=\"canonical\" href=\"https:\/\/revues-alpha.uqam.ca\/feminetudes\/a-propos\/presentation-de-la-revue\/\" \/>\n<meta property=\"og:locale\" content=\"fr_CA\" \/>\n<meta property=\"og:type\" content=\"article\" \/>\n<meta property=\"og:title\" content=\"Pr\u00e9sentation de la revue | Revue F\u00e9min\u00c9tudes\" \/>\n<meta property=\"og:url\" content=\"https:\/\/revues-alpha.uqam.ca\/feminetudes\/a-propos\/presentation-de-la-revue\/\" \/>\n<meta property=\"og:site_name\" content=\"Revue F\u00e9min\u00c9tudes\" \/>\n<meta property=\"article:modified_time\" content=\"2025-02-14T23:10:41+00:00\" \/>\n<meta property=\"og:image\" content=\"https:\/\/revues-alpha.uqam.ca\/feminetudes\/wp-content\/uploads\/sites\/8\/2024\/04\/Logo-carre-NONOFFICIEL.png\" \/>\n\t<meta property=\"og:image:width\" content=\"360\" \/>\n\t<meta property=\"og:image:height\" content=\"360\" \/>\n\t<meta property=\"og:image:type\" content=\"image\/png\" \/>\n<meta name=\"twitter:card\" content=\"summary_large_image\" \/>\n<meta name=\"twitter:label1\" content=\"Estimation du temps de lecture\" \/>\n\t<meta name=\"twitter:data1\" content=\"2 minutes\" \/>\n<script type=\"application\/ld+json\" class=\"yoast-schema-graph\">{\"@context\":\"https:\\\/\\\/schema.org\",\"@graph\":[{\"@type\":\"WebPage\",\"@id\":\"https:\\\/\\\/revues-alpha.uqam.ca\\\/feminetudes\\\/a-propos\\\/presentation-de-la-revue\\\/\",\"url\":\"https:\\\/\\\/revues-alpha.uqam.ca\\\/feminetudes\\\/a-propos\\\/presentation-de-la-revue\\\/\",\"name\":\"Pr\u00e9sentation de la revue | Revue F\u00e9min\u00c9tudes\",\"isPartOf\":{\"@id\":\"https:\\\/\\\/revues-alpha.uqam.ca\\\/feminetudes\\\/#website\"},\"datePublished\":\"2023-01-09T17:02:48+00:00\",\"dateModified\":\"2025-02-14T23:10:41+00:00\",\"breadcrumb\":{\"@id\":\"https:\\\/\\\/revues-alpha.uqam.ca\\\/feminetudes\\\/a-propos\\\/presentation-de-la-revue\\\/#breadcrumb\"},\"inLanguage\":\"fr-CA\",\"potentialAction\":[{\"@type\":\"ReadAction\",\"target\":[\"https:\\\/\\\/revues-alpha.uqam.ca\\\/feminetudes\\\/a-propos\\\/presentation-de-la-revue\\\/\"]}]},{\"@type\":\"BreadcrumbList\",\"@id\":\"https:\\\/\\\/revues-alpha.uqam.ca\\\/feminetudes\\\/a-propos\\\/presentation-de-la-revue\\\/#breadcrumb\",\"itemListElement\":[{\"@type\":\"ListItem\",\"position\":1,\"name\":\"UQAM\",\"item\":\"https:\\\/\\\/uqam.ca\"},{\"@type\":\"ListItem\",\"position\":2,\"name\":\"Revue F\u00e9min\u00c9tudes\",\"item\":\"https:\\\/\\\/revues-alpha.uqam.ca\\\/feminetudes\"},{\"@type\":\"ListItem\",\"position\":3,\"name\":\"\u00c0 propos\",\"item\":\"https:\\\/\\\/revues-alpha.uqam.ca\\\/feminetudes\\\/a-propos\\\/\"},{\"@type\":\"ListItem\",\"position\":4,\"name\":\"Pr\u00e9sentation de la revue\"}]},{\"@type\":\"WebSite\",\"@id\":\"https:\\\/\\\/revues-alpha.uqam.ca\\\/feminetudes\\\/#website\",\"url\":\"https:\\\/\\\/revues-alpha.uqam.ca\\\/feminetudes\\\/\",\"name\":\"Mod\u00e8le revue\",\"description\":\"\",\"alternateName\":\"Mod\u00e8le revue UQAM\",\"potentialAction\":[{\"@type\":\"SearchAction\",\"target\":{\"@type\":\"EntryPoint\",\"urlTemplate\":\"https:\\\/\\\/revues-alpha.uqam.ca\\\/feminetudes\\\/recherche\\\/?q={search_term_string}\"},\"query-input\":{\"@type\":\"PropertyValueSpecification\",\"valueRequired\":true,\"valueName\":\"search_term_string\"}}],\"inLanguage\":\"fr-CA\"}]}<\/script>\n<!-- \/ Yoast SEO plugin. -->","yoast_head_json":{"title":"Pr\u00e9sentation de la revue | Revue F\u00e9min\u00c9tudes","robots":{"index":"index","follow":"follow","max-snippet":"max-snippet:-1","max-image-preview":"max-image-preview:large","max-video-preview":"max-video-preview:-1"},"canonical":"https:\/\/revues-alpha.uqam.ca\/feminetudes\/a-propos\/presentation-de-la-revue\/","og_locale":"fr_CA","og_type":"article","og_title":"Pr\u00e9sentation de la revue | Revue F\u00e9min\u00c9tudes","og_url":"https:\/\/revues-alpha.uqam.ca\/feminetudes\/a-propos\/presentation-de-la-revue\/","og_site_name":"Revue F\u00e9min\u00c9tudes","article_modified_time":"2025-02-14T23:10:41+00:00","og_image":[{"width":360,"height":360,"url":"https:\/\/revues-alpha.uqam.ca\/feminetudes\/wp-content\/uploads\/sites\/8\/2024\/04\/Logo-carre-NONOFFICIEL.png","type":"image\/png"}],"twitter_card":"summary_large_image","twitter_misc":{"Estimation du temps de lecture":"2 minutes"},"schema":{"@context":"https:\/\/schema.org","@graph":[{"@type":"WebPage","@id":"https:\/\/revues-alpha.uqam.ca\/feminetudes\/a-propos\/presentation-de-la-revue\/","url":"https:\/\/revues-alpha.uqam.ca\/feminetudes\/a-propos\/presentation-de-la-revue\/","name":"Pr\u00e9sentation de la revue | Revue F\u00e9min\u00c9tudes","isPartOf":{"@id":"https:\/\/revues-alpha.uqam.ca\/feminetudes\/#website"},"datePublished":"2023-01-09T17:02:48+00:00","dateModified":"2025-02-14T23:10:41+00:00","breadcrumb":{"@id":"https:\/\/revues-alpha.uqam.ca\/feminetudes\/a-propos\/presentation-de-la-revue\/#breadcrumb"},"inLanguage":"fr-CA","potentialAction":[{"@type":"ReadAction","target":["https:\/\/revues-alpha.uqam.ca\/feminetudes\/a-propos\/presentation-de-la-revue\/"]}]},{"@type":"BreadcrumbList","@id":"https:\/\/revues-alpha.uqam.ca\/feminetudes\/a-propos\/presentation-de-la-revue\/#breadcrumb","itemListElement":[{"@type":"ListItem","position":1,"name":"UQAM","item":"https:\/\/uqam.ca"},{"@type":"ListItem","position":2,"name":"Revue F\u00e9min\u00c9tudes","item":"https:\/\/revues-alpha.uqam.ca\/feminetudes"},{"@type":"ListItem","position":3,"name":"\u00c0 propos","item":"https:\/\/revues-alpha.uqam.ca\/feminetudes\/a-propos\/"},{"@type":"ListItem","position":4,"name":"Pr\u00e9sentation de la revue"}]},{"@type":"WebSite","@id":"https:\/\/revues-alpha.uqam.ca\/feminetudes\/#website","url":"https:\/\/revues-alpha.uqam.ca\/feminetudes\/","name":"Mod\u00e8le revue","description":"","alternateName":"Mod\u00e8le revue UQAM","potentialAction":[{"@type":"SearchAction","target":{"@type":"EntryPoint","urlTemplate":"https:\/\/revues-alpha.uqam.ca\/feminetudes\/recherche\/?q={search_term_string}"},"query-input":{"@type":"PropertyValueSpecification","valueRequired":true,"valueName":"search_term_string"}}],"inLanguage":"fr-CA"}]}},"coauthors":[{"link":"https:\/\/revues-alpha.uqam.ca\/feminetudes\/author\/laporte_jon\/","display_name":"Jonathan Laporte"}],"author_meta":{"author_link":"https:\/\/revues-alpha.uqam.ca\/feminetudes\/author\/laporte_jon\/","display_name":"Jonathan Laporte"},"relative_dates":{"created":"Posted 3 ann\u00e9es ago","modified":"Updated 1 ann\u00e9e ago"},"absolute_dates":{"created":"Posted on 2023-01-09","modified":"Updated on 2025-02-14"},"absolute_dates_time":{"created":"Posted on 2023-01-09 12 h 02 min","modified":"Updated on 2025-02-14 23 h 10 min"},"featured_img_caption":"","featured_img":false,"series_order":"","_links":{"self":[{"href":"https:\/\/revues-alpha.uqam.ca\/feminetudes\/wp-json\/wp\/v2\/pages\/12797","targetHints":{"allow":["GET"]}}],"collection":[{"href":"https:\/\/revues-alpha.uqam.ca\/feminetudes\/wp-json\/wp\/v2\/pages"}],"about":[{"href":"https:\/\/revues-alpha.uqam.ca\/feminetudes\/wp-json\/wp\/v2\/types\/page"}],"author":[{"embeddable":true,"href":"https:\/\/revues-alpha.uqam.ca\/feminetudes\/wp-json\/wp\/v2\/users\/1"}],"replies":[{"embeddable":true,"href":"https:\/\/revues-alpha.uqam.ca\/feminetudes\/wp-json\/wp\/v2\/comments?post=12797"}],"version-history":[{"count":76,"href":"https:\/\/revues-alpha.uqam.ca\/feminetudes\/wp-json\/wp\/v2\/pages\/12797\/revisions"}],"predecessor-version":[{"id":15336,"href":"https:\/\/revues-alpha.uqam.ca\/feminetudes\/wp-json\/wp\/v2\/pages\/12797\/revisions\/15336"}],"up":[{"embeddable":true,"href":"https:\/\/revues-alpha.uqam.ca\/feminetudes\/wp-json\/wp\/v2\/pages\/18"}],"wp:attachment":[{"href":"https:\/\/revues-alpha.uqam.ca\/feminetudes\/wp-json\/wp\/v2\/media?parent=12797"}],"wp:term":[{"taxonomy":"category","embeddable":true,"href":"https:\/\/revues-alpha.uqam.ca\/feminetudes\/wp-json\/wp\/v2\/categories?post=12797"}],"curies":[{"name":"wp","href":"https:\/\/api.w.org\/{rel}","templated":true}]}}