{"id":13854,"date":"2024-04-29T18:01:10","date_gmt":"2024-04-29T18:01:10","guid":{"rendered":"https:\/\/revues-alpha.uqam.ca\/feminetudes\/?page_id=13854"},"modified":"2025-02-14T23:14:42","modified_gmt":"2025-02-14T23:14:42","slug":"responsabilites-de-lequipe-editoriale","status":"publish","type":"page","link":"https:\/\/revues-alpha.uqam.ca\/feminetudes\/a-propos\/responsabilites-de-lequipe-editoriale\/","title":{"rendered":"Responsabilit\u00e9s de l&rsquo;\u00e9quipe \u00e9ditoriale et des personnes \u00e9valuatrices"},"content":{"rendered":"\n<div class=\"wp-block-group has-very-light-gray-to-cyan-bluish-gray-gradient-background has-background\"><div class=\"wp-block-group__inner-container is-layout-constrained wp-block-group-is-layout-constrained\">\n<div class=\"wp-block-group has-very-light-gray-to-cyan-bluish-gray-gradient-background has-background\"><div class=\"wp-block-group__inner-container is-layout-constrained wp-block-group-is-layout-constrained\">\n<ul class=\"wp-block-list\">\n<li>Communiquer de mani\u00e8re claire, respectueuse et transparente, et r\u00e9pondre dans des d\u00e9lais raisonnables.<\/li>\n\n\n\n<li>Traiter les manuscrits impartialement. Aucune forme de discrimination n&rsquo;est tol\u00e9r\u00e9e, que ce soit par exemple sur l&rsquo;origine, l&rsquo;orientation sexuelle, l&rsquo;\u00e2ge, l\u2019identit\u00e9, l\u2019expression du genre ou la religion des personnes autrices.<\/li>\n\n\n\n<li>Assurer une supervision constante de l\u2019ensemble du processus \u00e9ditorial, depuis la soumission jusqu\u2019\u00e0 la publication finale, afin de maintenir l\u2019int\u00e9grit\u00e9 et la qualit\u00e9 \u00e0 chaque \u00e9tape.<\/li>\n\n\n\n<li>D\u00e9clarer tout conflit d&rsquo;int\u00e9r\u00eat potentiel, incluant des liens personnels, financiers, professionnels ou institutionnels susceptibles d\u2019influencer la d\u00e9cision de publication.&nbsp;<\/li>\n\n\n\n<li>\u00c9valuer la pertinence des manuscrits soumis par rapport \u00e0 la ligne \u00e9ditoriale de la revue et d\u00e9cider de publier ou non ces derniers.<\/li>\n\n\n\n<li>S&rsquo;abstenir d&rsquo;utiliser les r\u00e9sultats des travaux non publi\u00e9s \u00e0 des fins personnelles de recherche sans obtenir au pr\u00e9alable le consentement explicite des personnes autrices.<\/li>\n\n\n\n<li>Traiter les requ\u00eates pour corriger ou retirer un article apr\u00e8s sa publication \u00e0 tout moment. Si une demande est consid\u00e9r\u00e9e comme valide, des mesures internes seront entreprises pour l&rsquo;\u00e9valuer, aboutissant \u00e0 une d\u00e9cision finale de l&rsquo;\u00e9quipe de la revue.<\/li>\n\n\n\n<li>\u00catre honn\u00eate quant \u00e0 ses comp\u00e9tences et d\u00e9cliner toute \u00e9valuation pour laquelle on ne se sent pas qualifi\u00e9.e. Signaler toute lacune dans son expertise lors de l\u2019acceptation d\u2019une \u00e9valuation<\/li>\n\n\n\n<li>R\u00e9pondre aux invitations \u00e0 \u00e9valuer dans un d\u00e9lai raisonnable et s\u2019engager \u00e0 fournir une \u00e9valuation dans les d\u00e9lais convenus, en informant l\u2019\u00e9quipe \u00e9ditorial en cas d\u2019indisponibilit\u00e9.<\/li>\n\n\n\n<li>Signaler toute pr\u00e9occupation \u00e9thique, y compris les irr\u00e9gularit\u00e9s li\u00e9es \u00e0 la recherche, \u00e0 la r\u00e9daction ou \u00e0 la soumission des articles.<\/li>\n<\/ul>\n<\/div><\/div>\n<\/div><\/div>\n\n\n\n<p><\/p>\n","protected":false},"excerpt":{"rendered":"","protected":false},"author":11,"featured_media":0,"parent":18,"menu_order":3,"comment_status":"closed","ping_status":"closed","template":"","meta":{"_acf_changed":false,"advgb_blocks_editor_width":"","advgb_blocks_columns_visual_guide":"","footnotes":""},"categories":[],"class_list":["post-13854","page","type-page","status-publish","hentry"],"acf":[],"yoast_head":"<!-- This site is optimized with the Yoast SEO plugin v27.4 - https:\/\/yoast.com\/product\/yoast-seo-wordpress\/ -->\n<title>Responsabilit\u00e9s de l&#039;\u00e9quipe \u00e9ditoriale et des personnes \u00e9valuatrices | Revue F\u00e9min\u00c9tudes<\/title>\n<meta name=\"robots\" content=\"index, follow, max-snippet:-1, max-image-preview:large, max-video-preview:-1\" \/>\n<link rel=\"canonical\" href=\"https:\/\/revues-alpha.uqam.ca\/feminetudes\/a-propos\/responsabilites-de-lequipe-editoriale\/\" \/>\n<meta property=\"og:locale\" content=\"fr_CA\" \/>\n<meta property=\"og:type\" content=\"article\" \/>\n<meta property=\"og:title\" content=\"Responsabilit\u00e9s de l&#039;\u00e9quipe \u00e9ditoriale et des personnes \u00e9valuatrices | Revue F\u00e9min\u00c9tudes\" \/>\n<meta property=\"og:url\" content=\"https:\/\/revues-alpha.uqam.ca\/feminetudes\/a-propos\/responsabilites-de-lequipe-editoriale\/\" \/>\n<meta property=\"og:site_name\" content=\"Revue F\u00e9min\u00c9tudes\" \/>\n<meta property=\"article:modified_time\" content=\"2025-02-14T23:14:42+00:00\" \/>\n<meta property=\"og:image\" content=\"https:\/\/revues-alpha.uqam.ca\/feminetudes\/wp-content\/uploads\/sites\/8\/2024\/04\/Logo-carre-NONOFFICIEL.png\" \/>\n\t<meta property=\"og:image:width\" content=\"360\" \/>\n\t<meta property=\"og:image:height\" content=\"360\" \/>\n\t<meta property=\"og:image:type\" content=\"image\/png\" \/>\n<meta name=\"twitter:card\" content=\"summary_large_image\" \/>\n<meta name=\"twitter:label1\" content=\"Estimation du temps de lecture\" \/>\n\t<meta name=\"twitter:data1\" content=\"2 minutes\" \/>\n<script type=\"application\/ld+json\" class=\"yoast-schema-graph\">{\"@context\":\"https:\\\/\\\/schema.org\",\"@graph\":[{\"@type\":\"WebPage\",\"@id\":\"https:\\\/\\\/revues-alpha.uqam.ca\\\/feminetudes\\\/a-propos\\\/responsabilites-de-lequipe-editoriale\\\/\",\"url\":\"https:\\\/\\\/revues-alpha.uqam.ca\\\/feminetudes\\\/a-propos\\\/responsabilites-de-lequipe-editoriale\\\/\",\"name\":\"Responsabilit\u00e9s de l'\u00e9quipe \u00e9ditoriale et des personnes \u00e9valuatrices | Revue F\u00e9min\u00c9tudes\",\"isPartOf\":{\"@id\":\"https:\\\/\\\/revues-alpha.uqam.ca\\\/feminetudes\\\/#website\"},\"datePublished\":\"2024-04-29T18:01:10+00:00\",\"dateModified\":\"2025-02-14T23:14:42+00:00\",\"breadcrumb\":{\"@id\":\"https:\\\/\\\/revues-alpha.uqam.ca\\\/feminetudes\\\/a-propos\\\/responsabilites-de-lequipe-editoriale\\\/#breadcrumb\"},\"inLanguage\":\"fr-CA\",\"potentialAction\":[{\"@type\":\"ReadAction\",\"target\":[\"https:\\\/\\\/revues-alpha.uqam.ca\\\/feminetudes\\\/a-propos\\\/responsabilites-de-lequipe-editoriale\\\/\"]}]},{\"@type\":\"BreadcrumbList\",\"@id\":\"https:\\\/\\\/revues-alpha.uqam.ca\\\/feminetudes\\\/a-propos\\\/responsabilites-de-lequipe-editoriale\\\/#breadcrumb\",\"itemListElement\":[{\"@type\":\"ListItem\",\"position\":1,\"name\":\"UQAM\",\"item\":\"https:\\\/\\\/uqam.ca\"},{\"@type\":\"ListItem\",\"position\":2,\"name\":\"Revue F\u00e9min\u00c9tudes\",\"item\":\"https:\\\/\\\/revues-alpha.uqam.ca\\\/feminetudes\"},{\"@type\":\"ListItem\",\"position\":3,\"name\":\"\u00c0 propos\",\"item\":\"https:\\\/\\\/revues-alpha.uqam.ca\\\/feminetudes\\\/a-propos\\\/\"},{\"@type\":\"ListItem\",\"position\":4,\"name\":\"Responsabilit\u00e9s de l&rsquo;\u00e9quipe \u00e9ditoriale et des personnes \u00e9valuatrices\"}]},{\"@type\":\"WebSite\",\"@id\":\"https:\\\/\\\/revues-alpha.uqam.ca\\\/feminetudes\\\/#website\",\"url\":\"https:\\\/\\\/revues-alpha.uqam.ca\\\/feminetudes\\\/\",\"name\":\"Mod\u00e8le revue\",\"description\":\"\",\"alternateName\":\"Mod\u00e8le revue UQAM\",\"potentialAction\":[{\"@type\":\"SearchAction\",\"target\":{\"@type\":\"EntryPoint\",\"urlTemplate\":\"https:\\\/\\\/revues-alpha.uqam.ca\\\/feminetudes\\\/recherche\\\/?q={search_term_string}\"},\"query-input\":{\"@type\":\"PropertyValueSpecification\",\"valueRequired\":true,\"valueName\":\"search_term_string\"}}],\"inLanguage\":\"fr-CA\"}]}<\/script>\n<!-- \/ Yoast SEO plugin. -->","yoast_head_json":{"title":"Responsabilit\u00e9s de l'\u00e9quipe \u00e9ditoriale et des personnes \u00e9valuatrices | Revue F\u00e9min\u00c9tudes","robots":{"index":"index","follow":"follow","max-snippet":"max-snippet:-1","max-image-preview":"max-image-preview:large","max-video-preview":"max-video-preview:-1"},"canonical":"https:\/\/revues-alpha.uqam.ca\/feminetudes\/a-propos\/responsabilites-de-lequipe-editoriale\/","og_locale":"fr_CA","og_type":"article","og_title":"Responsabilit\u00e9s de l'\u00e9quipe \u00e9ditoriale et des personnes \u00e9valuatrices | Revue F\u00e9min\u00c9tudes","og_url":"https:\/\/revues-alpha.uqam.ca\/feminetudes\/a-propos\/responsabilites-de-lequipe-editoriale\/","og_site_name":"Revue F\u00e9min\u00c9tudes","article_modified_time":"2025-02-14T23:14:42+00:00","og_image":[{"width":360,"height":360,"url":"https:\/\/revues-alpha.uqam.ca\/feminetudes\/wp-content\/uploads\/sites\/8\/2024\/04\/Logo-carre-NONOFFICIEL.png","type":"image\/png"}],"twitter_card":"summary_large_image","twitter_misc":{"Estimation du temps de lecture":"2 minutes"},"schema":{"@context":"https:\/\/schema.org","@graph":[{"@type":"WebPage","@id":"https:\/\/revues-alpha.uqam.ca\/feminetudes\/a-propos\/responsabilites-de-lequipe-editoriale\/","url":"https:\/\/revues-alpha.uqam.ca\/feminetudes\/a-propos\/responsabilites-de-lequipe-editoriale\/","name":"Responsabilit\u00e9s de l'\u00e9quipe \u00e9ditoriale et des personnes \u00e9valuatrices | Revue F\u00e9min\u00c9tudes","isPartOf":{"@id":"https:\/\/revues-alpha.uqam.ca\/feminetudes\/#website"},"datePublished":"2024-04-29T18:01:10+00:00","dateModified":"2025-02-14T23:14:42+00:00","breadcrumb":{"@id":"https:\/\/revues-alpha.uqam.ca\/feminetudes\/a-propos\/responsabilites-de-lequipe-editoriale\/#breadcrumb"},"inLanguage":"fr-CA","potentialAction":[{"@type":"ReadAction","target":["https:\/\/revues-alpha.uqam.ca\/feminetudes\/a-propos\/responsabilites-de-lequipe-editoriale\/"]}]},{"@type":"BreadcrumbList","@id":"https:\/\/revues-alpha.uqam.ca\/feminetudes\/a-propos\/responsabilites-de-lequipe-editoriale\/#breadcrumb","itemListElement":[{"@type":"ListItem","position":1,"name":"UQAM","item":"https:\/\/uqam.ca"},{"@type":"ListItem","position":2,"name":"Revue F\u00e9min\u00c9tudes","item":"https:\/\/revues-alpha.uqam.ca\/feminetudes"},{"@type":"ListItem","position":3,"name":"\u00c0 propos","item":"https:\/\/revues-alpha.uqam.ca\/feminetudes\/a-propos\/"},{"@type":"ListItem","position":4,"name":"Responsabilit\u00e9s de l&rsquo;\u00e9quipe \u00e9ditoriale et des personnes \u00e9valuatrices"}]},{"@type":"WebSite","@id":"https:\/\/revues-alpha.uqam.ca\/feminetudes\/#website","url":"https:\/\/revues-alpha.uqam.ca\/feminetudes\/","name":"Mod\u00e8le revue","description":"","alternateName":"Mod\u00e8le revue UQAM","potentialAction":[{"@type":"SearchAction","target":{"@type":"EntryPoint","urlTemplate":"https:\/\/revues-alpha.uqam.ca\/feminetudes\/recherche\/?q={search_term_string}"},"query-input":{"@type":"PropertyValueSpecification","valueRequired":true,"valueName":"search_term_string"}}],"inLanguage":"fr-CA"}]}},"coauthors":[{"link":"https:\/\/revues-alpha.uqam.ca\/feminetudes\/author\/godina\/","display_name":"Alexandre Godin"}],"author_meta":{"author_link":"https:\/\/revues-alpha.uqam.ca\/feminetudes\/author\/godina\/","display_name":"Alexandre Godin"},"relative_dates":{"created":"Posted 2 ann\u00e9es ago","modified":"Updated 1 ann\u00e9e ago"},"absolute_dates":{"created":"Posted on 2024-04-29","modified":"Updated on 2025-02-14"},"absolute_dates_time":{"created":"Posted on 2024-04-29 18 h 01 min","modified":"Updated on 2025-02-14 23 h 14 min"},"featured_img_caption":"","featured_img":false,"series_order":"","_links":{"self":[{"href":"https:\/\/revues-alpha.uqam.ca\/feminetudes\/wp-json\/wp\/v2\/pages\/13854","targetHints":{"allow":["GET"]}}],"collection":[{"href":"https:\/\/revues-alpha.uqam.ca\/feminetudes\/wp-json\/wp\/v2\/pages"}],"about":[{"href":"https:\/\/revues-alpha.uqam.ca\/feminetudes\/wp-json\/wp\/v2\/types\/page"}],"author":[{"embeddable":true,"href":"https:\/\/revues-alpha.uqam.ca\/feminetudes\/wp-json\/wp\/v2\/users\/11"}],"replies":[{"embeddable":true,"href":"https:\/\/revues-alpha.uqam.ca\/feminetudes\/wp-json\/wp\/v2\/comments?post=13854"}],"version-history":[{"count":61,"href":"https:\/\/revues-alpha.uqam.ca\/feminetudes\/wp-json\/wp\/v2\/pages\/13854\/revisions"}],"predecessor-version":[{"id":15342,"href":"https:\/\/revues-alpha.uqam.ca\/feminetudes\/wp-json\/wp\/v2\/pages\/13854\/revisions\/15342"}],"up":[{"embeddable":true,"href":"https:\/\/revues-alpha.uqam.ca\/feminetudes\/wp-json\/wp\/v2\/pages\/18"}],"wp:attachment":[{"href":"https:\/\/revues-alpha.uqam.ca\/feminetudes\/wp-json\/wp\/v2\/media?parent=13854"}],"wp:term":[{"taxonomy":"category","embeddable":true,"href":"https:\/\/revues-alpha.uqam.ca\/feminetudes\/wp-json\/wp\/v2\/categories?post=13854"}],"curies":[{"name":"wp","href":"https:\/\/api.w.org\/{rel}","templated":true}]}}