{"id":14242,"date":"2024-07-12T01:43:25","date_gmt":"2024-07-12T01:43:25","guid":{"rendered":"https:\/\/revues-alpha.uqam.ca\/feminetudes\/?page_id=14242"},"modified":"2025-02-25T20:16:22","modified_gmt":"2025-02-25T20:16:22","slug":"ententes-de-publication","status":"publish","type":"page","link":"https:\/\/revues-alpha.uqam.ca\/feminetudes\/ententes-de-publication\/","title":{"rendered":"Ententes de publication"},"content":{"rendered":"\n<p>Les contributeurices signent une entente de publication pour accorder la licence pr\u00e9c\u00e9demment mentionn\u00e9e.<\/p>\n\n\n\n<p>Vous avez une contribution dans un num\u00e9ro de la revue<em> F\u00e9min\u00c9tudes<\/em>? Vous recevrez \u00e0 votre adresse courriel une entente de publication \u00e0 signer avant le d\u00e9but de la publication et \u00e0 retourner \u00e0 l&rsquo;adresse suivante: <a href=\"mailto:iref@uqam.ca\">iref@uqam.ca<\/a>.<\/p>\n\n\n\n<p>Le manuscrit ou le document m\u00e9diatique final ne sera pas publi\u00e9 tant que l\u2019entente de publication ne sera pas re\u00e7ue par l&rsquo;\u00e9diteur de la revue.<\/p>\n","protected":false},"excerpt":{"rendered":"<p>Les contributeurices signent une entente de publication pour accorder la licence pr\u00e9c\u00e9demment mentionn\u00e9e. Vous avez une contribution dans un num\u00e9ro de la revue F\u00e9min\u00c9tudes? Vous recevrez \u00e0 votre adresse courriel une entente de publication \u00e0 signer avant le d\u00e9but de la publication et \u00e0 retourner \u00e0 l&rsquo;adresse suivante: iref@uqam.ca. Le manuscrit ou le document m\u00e9diatique [&hellip;]<\/p>\n","protected":false},"author":31,"featured_media":0,"parent":0,"menu_order":0,"comment_status":"closed","ping_status":"closed","template":"","meta":{"_acf_changed":false,"advgb_blocks_editor_width":"","advgb_blocks_columns_visual_guide":"","footnotes":""},"categories":[],"class_list":["post-14242","page","type-page","status-publish","hentry"],"acf":[],"yoast_head":"<!-- This site is optimized with the Yoast SEO plugin v27.4 - https:\/\/yoast.com\/product\/yoast-seo-wordpress\/ -->\n<title>Ententes de publication | Revue F\u00e9min\u00c9tudes<\/title>\n<meta name=\"robots\" content=\"index, follow, max-snippet:-1, max-image-preview:large, max-video-preview:-1\" \/>\n<link rel=\"canonical\" href=\"https:\/\/revues-alpha.uqam.ca\/feminetudes\/ententes-de-publication\/\" \/>\n<meta property=\"og:locale\" content=\"fr_CA\" \/>\n<meta property=\"og:type\" content=\"article\" \/>\n<meta property=\"og:title\" content=\"Ententes de publication | Revue F\u00e9min\u00c9tudes\" \/>\n<meta property=\"og:description\" content=\"Les contributeurices signent une entente de publication pour accorder la licence pr\u00e9c\u00e9demment mentionn\u00e9e. Vous avez une contribution dans un num\u00e9ro de la revue F\u00e9min\u00c9tudes? Vous recevrez \u00e0 votre adresse courriel une entente de publication \u00e0 signer avant le d\u00e9but de la publication et \u00e0 retourner \u00e0 l&rsquo;adresse suivante: iref@uqam.ca. Le manuscrit ou le document m\u00e9diatique [&hellip;]\" \/>\n<meta property=\"og:url\" content=\"https:\/\/revues-alpha.uqam.ca\/feminetudes\/ententes-de-publication\/\" \/>\n<meta property=\"og:site_name\" content=\"Revue F\u00e9min\u00c9tudes\" \/>\n<meta property=\"article:modified_time\" content=\"2025-02-25T20:16:22+00:00\" \/>\n<meta property=\"og:image\" content=\"https:\/\/revues-alpha.uqam.ca\/feminetudes\/wp-content\/uploads\/sites\/8\/2024\/04\/Logo-carre-NONOFFICIEL.png\" \/>\n\t<meta property=\"og:image:width\" content=\"360\" \/>\n\t<meta property=\"og:image:height\" content=\"360\" \/>\n\t<meta property=\"og:image:type\" content=\"image\/png\" \/>\n<meta name=\"twitter:card\" content=\"summary_large_image\" \/>\n<meta name=\"twitter:label1\" content=\"Estimation du temps de lecture\" \/>\n\t<meta name=\"twitter:data1\" content=\"1 minute\" \/>\n<script type=\"application\/ld+json\" class=\"yoast-schema-graph\">{\"@context\":\"https:\\\/\\\/schema.org\",\"@graph\":[{\"@type\":\"WebPage\",\"@id\":\"https:\\\/\\\/revues-alpha.uqam.ca\\\/feminetudes\\\/ententes-de-publication\\\/\",\"url\":\"https:\\\/\\\/revues-alpha.uqam.ca\\\/feminetudes\\\/ententes-de-publication\\\/\",\"name\":\"Ententes de publication | Revue F\u00e9min\u00c9tudes\",\"isPartOf\":{\"@id\":\"https:\\\/\\\/revues-alpha.uqam.ca\\\/feminetudes\\\/#website\"},\"datePublished\":\"2024-07-12T01:43:25+00:00\",\"dateModified\":\"2025-02-25T20:16:22+00:00\",\"breadcrumb\":{\"@id\":\"https:\\\/\\\/revues-alpha.uqam.ca\\\/feminetudes\\\/ententes-de-publication\\\/#breadcrumb\"},\"inLanguage\":\"fr-CA\",\"potentialAction\":[{\"@type\":\"ReadAction\",\"target\":[\"https:\\\/\\\/revues-alpha.uqam.ca\\\/feminetudes\\\/ententes-de-publication\\\/\"]}]},{\"@type\":\"BreadcrumbList\",\"@id\":\"https:\\\/\\\/revues-alpha.uqam.ca\\\/feminetudes\\\/ententes-de-publication\\\/#breadcrumb\",\"itemListElement\":[{\"@type\":\"ListItem\",\"position\":1,\"name\":\"UQAM\",\"item\":\"https:\\\/\\\/uqam.ca\"},{\"@type\":\"ListItem\",\"position\":2,\"name\":\"Revue F\u00e9min\u00c9tudes\",\"item\":\"https:\\\/\\\/revues-alpha.uqam.ca\\\/feminetudes\"},{\"@type\":\"ListItem\",\"position\":3,\"name\":\"Ententes de publication\"}]},{\"@type\":\"WebSite\",\"@id\":\"https:\\\/\\\/revues-alpha.uqam.ca\\\/feminetudes\\\/#website\",\"url\":\"https:\\\/\\\/revues-alpha.uqam.ca\\\/feminetudes\\\/\",\"name\":\"Mod\u00e8le revue\",\"description\":\"\",\"alternateName\":\"Mod\u00e8le revue UQAM\",\"potentialAction\":[{\"@type\":\"SearchAction\",\"target\":{\"@type\":\"EntryPoint\",\"urlTemplate\":\"https:\\\/\\\/revues-alpha.uqam.ca\\\/feminetudes\\\/recherche\\\/?q={search_term_string}\"},\"query-input\":{\"@type\":\"PropertyValueSpecification\",\"valueRequired\":true,\"valueName\":\"search_term_string\"}}],\"inLanguage\":\"fr-CA\"}]}<\/script>\n<!-- \/ Yoast SEO plugin. -->","yoast_head_json":{"title":"Ententes de publication | Revue F\u00e9min\u00c9tudes","robots":{"index":"index","follow":"follow","max-snippet":"max-snippet:-1","max-image-preview":"max-image-preview:large","max-video-preview":"max-video-preview:-1"},"canonical":"https:\/\/revues-alpha.uqam.ca\/feminetudes\/ententes-de-publication\/","og_locale":"fr_CA","og_type":"article","og_title":"Ententes de publication | Revue F\u00e9min\u00c9tudes","og_description":"Les contributeurices signent une entente de publication pour accorder la licence pr\u00e9c\u00e9demment mentionn\u00e9e. Vous avez une contribution dans un num\u00e9ro de la revue F\u00e9min\u00c9tudes? Vous recevrez \u00e0 votre adresse courriel une entente de publication \u00e0 signer avant le d\u00e9but de la publication et \u00e0 retourner \u00e0 l&rsquo;adresse suivante: iref@uqam.ca. Le manuscrit ou le document m\u00e9diatique [&hellip;]","og_url":"https:\/\/revues-alpha.uqam.ca\/feminetudes\/ententes-de-publication\/","og_site_name":"Revue F\u00e9min\u00c9tudes","article_modified_time":"2025-02-25T20:16:22+00:00","og_image":[{"width":360,"height":360,"url":"https:\/\/revues-alpha.uqam.ca\/feminetudes\/wp-content\/uploads\/sites\/8\/2024\/04\/Logo-carre-NONOFFICIEL.png","type":"image\/png"}],"twitter_card":"summary_large_image","twitter_misc":{"Estimation du temps de lecture":"1 minute"},"schema":{"@context":"https:\/\/schema.org","@graph":[{"@type":"WebPage","@id":"https:\/\/revues-alpha.uqam.ca\/feminetudes\/ententes-de-publication\/","url":"https:\/\/revues-alpha.uqam.ca\/feminetudes\/ententes-de-publication\/","name":"Ententes de publication | Revue F\u00e9min\u00c9tudes","isPartOf":{"@id":"https:\/\/revues-alpha.uqam.ca\/feminetudes\/#website"},"datePublished":"2024-07-12T01:43:25+00:00","dateModified":"2025-02-25T20:16:22+00:00","breadcrumb":{"@id":"https:\/\/revues-alpha.uqam.ca\/feminetudes\/ententes-de-publication\/#breadcrumb"},"inLanguage":"fr-CA","potentialAction":[{"@type":"ReadAction","target":["https:\/\/revues-alpha.uqam.ca\/feminetudes\/ententes-de-publication\/"]}]},{"@type":"BreadcrumbList","@id":"https:\/\/revues-alpha.uqam.ca\/feminetudes\/ententes-de-publication\/#breadcrumb","itemListElement":[{"@type":"ListItem","position":1,"name":"UQAM","item":"https:\/\/uqam.ca"},{"@type":"ListItem","position":2,"name":"Revue F\u00e9min\u00c9tudes","item":"https:\/\/revues-alpha.uqam.ca\/feminetudes"},{"@type":"ListItem","position":3,"name":"Ententes de publication"}]},{"@type":"WebSite","@id":"https:\/\/revues-alpha.uqam.ca\/feminetudes\/#website","url":"https:\/\/revues-alpha.uqam.ca\/feminetudes\/","name":"Mod\u00e8le revue","description":"","alternateName":"Mod\u00e8le revue UQAM","potentialAction":[{"@type":"SearchAction","target":{"@type":"EntryPoint","urlTemplate":"https:\/\/revues-alpha.uqam.ca\/feminetudes\/recherche\/?q={search_term_string}"},"query-input":{"@type":"PropertyValueSpecification","valueRequired":true,"valueName":"search_term_string"}}],"inLanguage":"fr-CA"}]}},"coauthors":[{"link":"https:\/\/revues-alpha.uqam.ca\/feminetudes\/author\/agin-blais-maudecourrier-uqam-ca\/","display_name":"Agin-Blais, Maude"}],"author_meta":{"author_link":"https:\/\/revues-alpha.uqam.ca\/feminetudes\/author\/agin-blais-maudecourrier-uqam-ca\/","display_name":"Agin-Blais, Maude"},"relative_dates":{"created":"Posted 2 ann\u00e9es ago","modified":"Updated 1 ann\u00e9e ago"},"absolute_dates":{"created":"Posted on 2024-07-12","modified":"Updated on 2025-02-25"},"absolute_dates_time":{"created":"Posted on 2024-07-12 1 h 43 min","modified":"Updated on 2025-02-25 20 h 16 min"},"featured_img_caption":"","featured_img":false,"series_order":"","_links":{"self":[{"href":"https:\/\/revues-alpha.uqam.ca\/feminetudes\/wp-json\/wp\/v2\/pages\/14242","targetHints":{"allow":["GET"]}}],"collection":[{"href":"https:\/\/revues-alpha.uqam.ca\/feminetudes\/wp-json\/wp\/v2\/pages"}],"about":[{"href":"https:\/\/revues-alpha.uqam.ca\/feminetudes\/wp-json\/wp\/v2\/types\/page"}],"author":[{"embeddable":true,"href":"https:\/\/revues-alpha.uqam.ca\/feminetudes\/wp-json\/wp\/v2\/users\/31"}],"replies":[{"embeddable":true,"href":"https:\/\/revues-alpha.uqam.ca\/feminetudes\/wp-json\/wp\/v2\/comments?post=14242"}],"version-history":[{"count":5,"href":"https:\/\/revues-alpha.uqam.ca\/feminetudes\/wp-json\/wp\/v2\/pages\/14242\/revisions"}],"predecessor-version":[{"id":15387,"href":"https:\/\/revues-alpha.uqam.ca\/feminetudes\/wp-json\/wp\/v2\/pages\/14242\/revisions\/15387"}],"wp:attachment":[{"href":"https:\/\/revues-alpha.uqam.ca\/feminetudes\/wp-json\/wp\/v2\/media?parent=14242"}],"wp:term":[{"taxonomy":"category","embeddable":true,"href":"https:\/\/revues-alpha.uqam.ca\/feminetudes\/wp-json\/wp\/v2\/categories?post=14242"}],"curies":[{"name":"wp","href":"https:\/\/api.w.org\/{rel}","templated":true}]}}