{"id":15,"date":"2023-01-09T12:04:37","date_gmt":"2023-01-09T17:04:37","guid":{"rendered":"https:\/\/revues.dev.uqam.ca\/iref\/?page_id=15"},"modified":"2025-02-25T20:20:02","modified_gmt":"2025-02-25T20:20:02","slug":"politique-editoriale","status":"publish","type":"page","link":"https:\/\/revues-alpha.uqam.ca\/feminetudes\/a-propos\/politique-editoriale\/","title":{"rendered":"Politiques \u00e9ditoriales"},"content":{"rendered":"\n<p><\/p>\n\n\n\n<h2 class=\"wp-block-heading\">Droits d\u2019auteurices, licence et propri\u00e9t\u00e9 intellectuelle<\/h2>\n\n\n\n<div class=\"wp-block-group\"><div class=\"wp-block-group__inner-container is-layout-constrained wp-block-group-is-layout-constrained\">\n<div class=\"wp-block-group\"><div class=\"wp-block-group__inner-container is-layout-constrained wp-block-group-is-layout-constrained\">\n<p>Les auteurices conservent la propri\u00e9t\u00e9 intellectuelle de leurs articles. Les auteurices c\u00e8dent \u00e0 la revue <em>F\u00e9min\u00c9tudes<\/em> une licence de premi\u00e8re publication sur leur article et autorise l\u2019Institut de recherches et d&rsquo;\u00e9tudes f\u00e9ministes (IREF) \u00e0 agir comme \u00e9diteur original habilet\u00e9 \u00e0 poser toutes les actions n\u00e9cessaires pour valoriser le contenu accept\u00e9 pour publication et en faciliter l\u2019exploitation \u00e0 des fins de recherche et d\u2019enseignement.<\/p>\n\n\n\n<h3 class=\"wp-block-heading\">Premi\u00e8re publication et archivage<\/h3>\n\n\n\n<p>La revue <em>F\u00e9min\u00c9tudes<\/em> n\u2019accepte que des manuscrits dont les contenus sont originaux, c\u2019est-\u00e0-dire que la soumission n\u2019a pas d\u00e9j\u00e0 \u00e9t\u00e9 publi\u00e9e et n\u2019est pas actuellement consid\u00e9r\u00e9e par une autre revue. &nbsp;<\/p>\n\n\n\n<p>Un manuscrit qui a \u00e9t\u00e9 vers\u00e9 dans une plateforme de pr\u00e9publications (archive ouverte) ne perd pas son caract\u00e8re original et peut \u00eatre soumis \u00e0 <em>F\u00e9min\u00c9tudes<\/em> pour publication.<\/p>\n\n\n\n<h3 class=\"wp-block-heading\">Modification \u00e0 la contribution<\/h3>\n\n\n\n<p>Les auteurices autorisent la modification de leur contribution pour permettre, entre autres, la conformit\u00e9 de la mise en page aux normes de la revue, les corrections orthographiques, de grammaire ou de syntaxe ou&nbsp;pour&nbsp;satisfaire aux exigences techniques ou autres de toute plateforme de diffusion y compris des plateformes num\u00e9riques de diffusion.<\/p>\n\n\n\n<h3 class=\"wp-block-heading\">Licence et libre acc\u00e8s<\/h3>\n\n\n\n<p>Les auteurices acceptent que leurs travaux soient diffus\u00e9s sur la plateforme <em>F\u00e9min\u00c9tudes<\/em> selon la licence Creative Commons suivante : Attribution \u2013 Pas d\u2019Utilisation Commerciale \u2013 Pas de Modification&nbsp;<a href=\"https:\/\/creativecommons.org\/licenses\/?lang=fr\">CC BY-NC-ND<\/a>.<\/p>\n\n\n\n<p>Les auteurices signent une entente de publication pour accorder les licences pr\u00e9c\u00e9demment mentionn\u00e9es.<\/p>\n<\/div><\/div>\n<\/div><\/div>\n\n\n\n<h2 class=\"wp-block-heading\">\u00c9thique de publication<\/h2>\n\n\n\n<div class=\"wp-block-group\"><div class=\"wp-block-group__inner-container is-layout-constrained wp-block-group-is-layout-constrained\">\n<h3 class=\"wp-block-heading\">Plagiat<\/h3>\n\n\n\n<p>Les auteurices s\u2019engagent \u00e0 suivre une \u00e9thique de publication antiplagiat. Aussi, iels doivent d\u00e9clarer touts les \u00e9l\u00e9ments qui sont fortement issus de travaux d\u00e9j\u00e0 publi\u00e9s qu\u2019iels-m\u00eames ou une tierce personne auraient d\u00e9j\u00e0 publi\u00e9s. Le<strong>\u00b7<\/strong>la responsable du num\u00e9ro ou le comit\u00e9 scientifique se r\u00e9serve le droit de refuser la publication pour des motifs de plagiat.<\/p>\n\n\n\n<h3 class=\"wp-block-heading\">Conflits d\u2019int\u00e9r\u00eat<\/h3>\n\n\n\n<p>Toute personne impliqu\u00e9e dans l\u2019\u00e9valuation d\u2019un article et se trouvant en conflit d\u2019int\u00e9r\u00eat doit le d\u00e9clarer au Comit\u00e9 scientifique.<\/p>\n\n\n\n<h3 class=\"wp-block-heading\">Gestion des plaintes<\/h3>\n\n\n\n<p>Lorsqu\u2019un litige survient lors d\u2019une \u00e9valuation par les pairs, c\u2019est le comit\u00e9 scientifique qui intervient.<\/p>\n<\/div><\/div>\n\n\n\n<h2 class=\"wp-block-heading\">\u00c9valuation par les pairs<\/h2>\n\n\n\n<div class=\"wp-block-group\"><div class=\"wp-block-group__inner-container is-layout-constrained wp-block-group-is-layout-constrained\">\n<p>L\u2019IREF veille \u00e0 la qualit\u00e9 des contenus publi\u00e9s sur sa plateforme en collaborant avec des chercheureuses, des personnes \u00e9tudiantes et des partenaires reconnus dans leur communaut\u00e9 notamment par leur parcours acad\u00e9mique, professionnel ou exp\u00e9rientiel. Le processus de r\u00e9vision peut \u00eatre ouvert et collaboratif, c\u2019est-\u00e0-dire que les identit\u00e9s des contributeurices et des \u00e9valuateurices sont connues et que les \u00e9valuateurices peuvent travailler ensemble ou avec les contributeurices dans la r\u00e9vision du manuscrit. Toutes les personnes membres composant le comit\u00e9 \u00e9ditorial doivent donc d\u00e9clarer tout conflit d\u2019int\u00e9r\u00eat avec le projet de publication en cours d\u2019\u00e9tude afin que les travaux du comit\u00e9 n\u2019en soient pas affect\u00e9s. Les personnes membres disposent de lignes directrices pour valider la qualit\u00e9 des contenus qu\u2019elles examineront. Le comit\u00e9 scientifique veille \u00e0 l\u2019int\u00e9grit\u00e9 de la conduite du processus de r\u00e9vision et agit \u00e0 titre de personne-ressource. La direction de publication peut donc se tourner vers le comit\u00e9 scientifique pour recevoir des conseils.&nbsp;<\/p>\n<\/div><\/div>\n\n\n\n<h2 class=\"wp-block-heading\">Ententes de publication<\/h2>\n\n\n\n<div class=\"wp-block-group\"><div class=\"wp-block-group__inner-container is-layout-constrained wp-block-group-is-layout-constrained\">\n<p>Les contributeurices signent une entente de publication pour accorder la licence pr\u00e9c\u00e9demment mentionn\u00e9e.<\/p>\n\n\n\n<p>Vous avez une contribution dans un num\u00e9ro de la revue<em> F\u00e9min\u00c9tudes<\/em>? Vous recevrez \u00e0 votre adresse courriel une entente de publication \u00e0 signer avant le d\u00e9but de la publication et \u00e0 retourner \u00e0 l&rsquo;adresse suivante: <a href=\"mailto:iref@uqam.ca\">iref@uqam.ca<\/a>.<\/p>\n\n\n\n<p>Le manuscrit ou le document m\u00e9diatique final ne sera pas publi\u00e9 tant que l\u2019entente de publication ne sera pas re\u00e7ue par l&rsquo;\u00e9diteur de la revue.<\/p>\n<\/div><\/div>\n\n\n\n<h2 class=\"wp-block-heading\">Publicit\u00e9<\/h2>\n\n\n\n<div class=\"wp-block-group\"><div class=\"wp-block-group__inner-container is-layout-constrained wp-block-group-is-layout-constrained\">\n<p>La revue ne diffuse aucune publicit\u00e9 dans ses publications.<\/p>\n<\/div><\/div>\n\n\n\n<h2 class=\"wp-block-heading\">Avis de confidentialit\u00e9<\/h2>\n\n\n\n<div class=\"wp-block-group\"><div class=\"wp-block-group__inner-container is-layout-constrained wp-block-group-is-layout-constrained\">\n<p>Les noms et courriels saisis dans le site de cette revue seront utilis\u00e9s exclusivement aux fins indiqu\u00e9es par cette revue et ne serviront \u00e0 aucune autre fin, ni \u00e0 toute autre partie.<\/p>\n<\/div><\/div>\n","protected":false},"excerpt":{"rendered":"<p>Droits d\u2019auteurices, licence et propri\u00e9t\u00e9 intellectuelle Les auteurices conservent la propri\u00e9t\u00e9 intellectuelle de leurs articles. Les auteurices c\u00e8dent \u00e0 la revue F\u00e9min\u00c9tudes une licence de premi\u00e8re publication sur leur article et autorise l\u2019Institut de recherches et d&rsquo;\u00e9tudes f\u00e9ministes (IREF) \u00e0 agir comme \u00e9diteur original habilet\u00e9 \u00e0 poser toutes les actions n\u00e9cessaires pour valoriser le contenu [&hellip;]<\/p>\n","protected":false},"author":1,"featured_media":0,"parent":18,"menu_order":4,"comment_status":"closed","ping_status":"closed","template":"","meta":{"_acf_changed":false,"advgb_blocks_editor_width":"","advgb_blocks_columns_visual_guide":"","footnotes":""},"categories":[],"class_list":["post-15","page","type-page","status-publish","hentry"],"acf":[],"yoast_head":"<!-- This site is optimized with the Yoast SEO plugin v27.4 - https:\/\/yoast.com\/product\/yoast-seo-wordpress\/ -->\n<title>Politiques \u00e9ditoriales | Revue F\u00e9min\u00c9tudes<\/title>\n<meta name=\"robots\" content=\"index, follow, max-snippet:-1, max-image-preview:large, max-video-preview:-1\" \/>\n<link rel=\"canonical\" href=\"https:\/\/revues-alpha.uqam.ca\/feminetudes\/a-propos\/politique-editoriale\/\" \/>\n<meta property=\"og:locale\" content=\"fr_CA\" \/>\n<meta property=\"og:type\" content=\"article\" \/>\n<meta property=\"og:title\" content=\"Politiques \u00e9ditoriales | Revue F\u00e9min\u00c9tudes\" \/>\n<meta property=\"og:description\" content=\"Droits d\u2019auteurices, licence et propri\u00e9t\u00e9 intellectuelle Les auteurices conservent la propri\u00e9t\u00e9 intellectuelle de leurs articles. Les auteurices c\u00e8dent \u00e0 la revue F\u00e9min\u00c9tudes une licence de premi\u00e8re publication sur leur article et autorise l\u2019Institut de recherches et d&rsquo;\u00e9tudes f\u00e9ministes (IREF) \u00e0 agir comme \u00e9diteur original habilet\u00e9 \u00e0 poser toutes les actions n\u00e9cessaires pour valoriser le contenu [&hellip;]\" \/>\n<meta property=\"og:url\" content=\"https:\/\/revues-alpha.uqam.ca\/feminetudes\/a-propos\/politique-editoriale\/\" \/>\n<meta property=\"og:site_name\" content=\"Revue F\u00e9min\u00c9tudes\" \/>\n<meta property=\"article:modified_time\" content=\"2025-02-25T20:20:02+00:00\" \/>\n<meta property=\"og:image\" content=\"https:\/\/revues-alpha.uqam.ca\/feminetudes\/wp-content\/uploads\/sites\/8\/2024\/04\/Logo-carre-NONOFFICIEL.png\" \/>\n\t<meta property=\"og:image:width\" content=\"360\" \/>\n\t<meta property=\"og:image:height\" content=\"360\" \/>\n\t<meta property=\"og:image:type\" content=\"image\/png\" \/>\n<meta name=\"twitter:card\" content=\"summary_large_image\" \/>\n<meta name=\"twitter:label1\" content=\"Estimation du temps de lecture\" \/>\n\t<meta name=\"twitter:data1\" content=\"4 minutes\" \/>\n<script type=\"application\/ld+json\" class=\"yoast-schema-graph\">{\"@context\":\"https:\\\/\\\/schema.org\",\"@graph\":[{\"@type\":\"WebPage\",\"@id\":\"https:\\\/\\\/revues-alpha.uqam.ca\\\/feminetudes\\\/a-propos\\\/politique-editoriale\\\/\",\"url\":\"https:\\\/\\\/revues-alpha.uqam.ca\\\/feminetudes\\\/a-propos\\\/politique-editoriale\\\/\",\"name\":\"Politiques \u00e9ditoriales | Revue F\u00e9min\u00c9tudes\",\"isPartOf\":{\"@id\":\"https:\\\/\\\/revues-alpha.uqam.ca\\\/feminetudes\\\/#website\"},\"datePublished\":\"2023-01-09T17:04:37+00:00\",\"dateModified\":\"2025-02-25T20:20:02+00:00\",\"breadcrumb\":{\"@id\":\"https:\\\/\\\/revues-alpha.uqam.ca\\\/feminetudes\\\/a-propos\\\/politique-editoriale\\\/#breadcrumb\"},\"inLanguage\":\"fr-CA\",\"potentialAction\":[{\"@type\":\"ReadAction\",\"target\":[\"https:\\\/\\\/revues-alpha.uqam.ca\\\/feminetudes\\\/a-propos\\\/politique-editoriale\\\/\"]}]},{\"@type\":\"BreadcrumbList\",\"@id\":\"https:\\\/\\\/revues-alpha.uqam.ca\\\/feminetudes\\\/a-propos\\\/politique-editoriale\\\/#breadcrumb\",\"itemListElement\":[{\"@type\":\"ListItem\",\"position\":1,\"name\":\"UQAM\",\"item\":\"https:\\\/\\\/uqam.ca\"},{\"@type\":\"ListItem\",\"position\":2,\"name\":\"Revue F\u00e9min\u00c9tudes\",\"item\":\"https:\\\/\\\/revues-alpha.uqam.ca\\\/feminetudes\"},{\"@type\":\"ListItem\",\"position\":3,\"name\":\"\u00c0 propos\",\"item\":\"https:\\\/\\\/revues-alpha.uqam.ca\\\/feminetudes\\\/a-propos\\\/\"},{\"@type\":\"ListItem\",\"position\":4,\"name\":\"Politiques \u00e9ditoriales\"}]},{\"@type\":\"WebSite\",\"@id\":\"https:\\\/\\\/revues-alpha.uqam.ca\\\/feminetudes\\\/#website\",\"url\":\"https:\\\/\\\/revues-alpha.uqam.ca\\\/feminetudes\\\/\",\"name\":\"Mod\u00e8le revue\",\"description\":\"\",\"alternateName\":\"Mod\u00e8le revue UQAM\",\"potentialAction\":[{\"@type\":\"SearchAction\",\"target\":{\"@type\":\"EntryPoint\",\"urlTemplate\":\"https:\\\/\\\/revues-alpha.uqam.ca\\\/feminetudes\\\/recherche\\\/?q={search_term_string}\"},\"query-input\":{\"@type\":\"PropertyValueSpecification\",\"valueRequired\":true,\"valueName\":\"search_term_string\"}}],\"inLanguage\":\"fr-CA\"}]}<\/script>\n<!-- \/ Yoast SEO plugin. -->","yoast_head_json":{"title":"Politiques \u00e9ditoriales | Revue F\u00e9min\u00c9tudes","robots":{"index":"index","follow":"follow","max-snippet":"max-snippet:-1","max-image-preview":"max-image-preview:large","max-video-preview":"max-video-preview:-1"},"canonical":"https:\/\/revues-alpha.uqam.ca\/feminetudes\/a-propos\/politique-editoriale\/","og_locale":"fr_CA","og_type":"article","og_title":"Politiques \u00e9ditoriales | Revue F\u00e9min\u00c9tudes","og_description":"Droits d\u2019auteurices, licence et propri\u00e9t\u00e9 intellectuelle Les auteurices conservent la propri\u00e9t\u00e9 intellectuelle de leurs articles. Les auteurices c\u00e8dent \u00e0 la revue F\u00e9min\u00c9tudes une licence de premi\u00e8re publication sur leur article et autorise l\u2019Institut de recherches et d&rsquo;\u00e9tudes f\u00e9ministes (IREF) \u00e0 agir comme \u00e9diteur original habilet\u00e9 \u00e0 poser toutes les actions n\u00e9cessaires pour valoriser le contenu [&hellip;]","og_url":"https:\/\/revues-alpha.uqam.ca\/feminetudes\/a-propos\/politique-editoriale\/","og_site_name":"Revue F\u00e9min\u00c9tudes","article_modified_time":"2025-02-25T20:20:02+00:00","og_image":[{"width":360,"height":360,"url":"https:\/\/revues-alpha.uqam.ca\/feminetudes\/wp-content\/uploads\/sites\/8\/2024\/04\/Logo-carre-NONOFFICIEL.png","type":"image\/png"}],"twitter_card":"summary_large_image","twitter_misc":{"Estimation du temps de lecture":"4 minutes"},"schema":{"@context":"https:\/\/schema.org","@graph":[{"@type":"WebPage","@id":"https:\/\/revues-alpha.uqam.ca\/feminetudes\/a-propos\/politique-editoriale\/","url":"https:\/\/revues-alpha.uqam.ca\/feminetudes\/a-propos\/politique-editoriale\/","name":"Politiques \u00e9ditoriales | Revue F\u00e9min\u00c9tudes","isPartOf":{"@id":"https:\/\/revues-alpha.uqam.ca\/feminetudes\/#website"},"datePublished":"2023-01-09T17:04:37+00:00","dateModified":"2025-02-25T20:20:02+00:00","breadcrumb":{"@id":"https:\/\/revues-alpha.uqam.ca\/feminetudes\/a-propos\/politique-editoriale\/#breadcrumb"},"inLanguage":"fr-CA","potentialAction":[{"@type":"ReadAction","target":["https:\/\/revues-alpha.uqam.ca\/feminetudes\/a-propos\/politique-editoriale\/"]}]},{"@type":"BreadcrumbList","@id":"https:\/\/revues-alpha.uqam.ca\/feminetudes\/a-propos\/politique-editoriale\/#breadcrumb","itemListElement":[{"@type":"ListItem","position":1,"name":"UQAM","item":"https:\/\/uqam.ca"},{"@type":"ListItem","position":2,"name":"Revue F\u00e9min\u00c9tudes","item":"https:\/\/revues-alpha.uqam.ca\/feminetudes"},{"@type":"ListItem","position":3,"name":"\u00c0 propos","item":"https:\/\/revues-alpha.uqam.ca\/feminetudes\/a-propos\/"},{"@type":"ListItem","position":4,"name":"Politiques \u00e9ditoriales"}]},{"@type":"WebSite","@id":"https:\/\/revues-alpha.uqam.ca\/feminetudes\/#website","url":"https:\/\/revues-alpha.uqam.ca\/feminetudes\/","name":"Mod\u00e8le revue","description":"","alternateName":"Mod\u00e8le revue UQAM","potentialAction":[{"@type":"SearchAction","target":{"@type":"EntryPoint","urlTemplate":"https:\/\/revues-alpha.uqam.ca\/feminetudes\/recherche\/?q={search_term_string}"},"query-input":{"@type":"PropertyValueSpecification","valueRequired":true,"valueName":"search_term_string"}}],"inLanguage":"fr-CA"}]}},"coauthors":[{"link":"https:\/\/revues-alpha.uqam.ca\/feminetudes\/author\/laporte_jon\/","display_name":"Jonathan Laporte"}],"author_meta":{"author_link":"https:\/\/revues-alpha.uqam.ca\/feminetudes\/author\/laporte_jon\/","display_name":"Jonathan Laporte"},"relative_dates":{"created":"Posted 3 ann\u00e9es ago","modified":"Updated 1 ann\u00e9e ago"},"absolute_dates":{"created":"Posted on 2023-01-09","modified":"Updated on 2025-02-25"},"absolute_dates_time":{"created":"Posted on 2023-01-09 12 h 04 min","modified":"Updated on 2025-02-25 20 h 20 min"},"featured_img_caption":"","featured_img":false,"series_order":"","_links":{"self":[{"href":"https:\/\/revues-alpha.uqam.ca\/feminetudes\/wp-json\/wp\/v2\/pages\/15","targetHints":{"allow":["GET"]}}],"collection":[{"href":"https:\/\/revues-alpha.uqam.ca\/feminetudes\/wp-json\/wp\/v2\/pages"}],"about":[{"href":"https:\/\/revues-alpha.uqam.ca\/feminetudes\/wp-json\/wp\/v2\/types\/page"}],"author":[{"embeddable":true,"href":"https:\/\/revues-alpha.uqam.ca\/feminetudes\/wp-json\/wp\/v2\/users\/1"}],"replies":[{"embeddable":true,"href":"https:\/\/revues-alpha.uqam.ca\/feminetudes\/wp-json\/wp\/v2\/comments?post=15"}],"version-history":[{"count":20,"href":"https:\/\/revues-alpha.uqam.ca\/feminetudes\/wp-json\/wp\/v2\/pages\/15\/revisions"}],"predecessor-version":[{"id":15389,"href":"https:\/\/revues-alpha.uqam.ca\/feminetudes\/wp-json\/wp\/v2\/pages\/15\/revisions\/15389"}],"up":[{"embeddable":true,"href":"https:\/\/revues-alpha.uqam.ca\/feminetudes\/wp-json\/wp\/v2\/pages\/18"}],"wp:attachment":[{"href":"https:\/\/revues-alpha.uqam.ca\/feminetudes\/wp-json\/wp\/v2\/media?parent=15"}],"wp:term":[{"taxonomy":"category","embeddable":true,"href":"https:\/\/revues-alpha.uqam.ca\/feminetudes\/wp-json\/wp\/v2\/categories?post=15"}],"curies":[{"name":"wp","href":"https:\/\/api.w.org\/{rel}","templated":true}]}}