{"id":309,"date":"2023-02-28T14:35:26","date_gmt":"2023-02-28T14:35:26","guid":{"rendered":"https:\/\/revues-alpha.uqam.ca\/feminetudes\/?page_id=309"},"modified":"2024-03-14T18:06:35","modified_gmt":"2024-03-14T18:06:35","slug":"numero-courant","status":"publish","type":"page","link":"https:\/\/revues-alpha.uqam.ca\/feminetudes\/numeros-revue\/numero-courant\/","title":{"rendered":"Num\u00e9ro courant"},"content":{"rendered":"<div class=\"custom-tax-archive container\"><div class=\"row my-6 item-article\"><div class=\"col-12 col-md-2 d-flex justify-content-center justify-content-md-start pl-md-0 mb-3 mb-md-0 order-2 order-md-1\"><a href=\"https:\/\/revues-alpha.uqam.ca\/feminetudes\/numeros\/vol-24-no-1-marges-et-intersections\/\"><img decoding=\"async\" loading=\"lazy\" class=\"img-fluid\" src=\"https:\/\/revues-alpha.uqam.ca\/feminetudes\/wp-content\/uploads\/sites\/8\/2024\/07\/couvertureVF-scaled.jpg\" alt=\"\"><\/a><\/div><div class=\"col-12 col-md-10 order-1 order-md-2\"><div class=\"post-metadata m-0\"><\/div><h3 class=\"entry-title-revues mt-3\"><a href=\"https:\/\/revues-alpha.uqam.ca\/feminetudes\/numeros\/vol-24-no-1-marges-et-intersections\/\">Vol. 24 no. 1 \u2013 \u00ab Marges et intersections \u00bb<\/a><\/h3><section class=\"item author-list mb-3\"><div class=\"author-list mb-3\" itemprop=\"creator\" itemscope=\"\" itemtype=\"http:\/\/schema.org\/Person\">Sous la direction de <a href='https:\/\/revues-alpha.uqam.ca\/feminetudes\/author\/agin-blais-maude\/'>Maude Agin-Blais<\/a>, <a href='https:\/\/revues-alpha.uqam.ca\/feminetudes\/author\/lea-delambre\/'>L\u00e9a Delambre<\/a>, <a href='https:\/\/revues-alpha.uqam.ca\/feminetudes\/author\/dube-noemie\/'>No\u00e9mie Dub\u00e9<\/a>, <a href='https:\/\/revues-alpha.uqam.ca\/feminetudes\/author\/merlet-em\/'>Em Merlet<\/a>, <a href='https:\/\/revues-alpha.uqam.ca\/feminetudes\/author\/pascale-monnette\/'>Pascale Monnette<\/a>, <a href='https:\/\/revues-alpha.uqam.ca\/feminetudes\/author\/genevieve-proulx-masson\/'>Genevi\u00e8ve Proulx-Masson<\/a> et <a href='https:\/\/revues-alpha.uqam.ca\/feminetudes\/author\/flora-roussel\/'>Flora Roussel<\/a><\/div><\/section><p>Les marges ont souvent \u00e9t\u00e9 appr\u00e9hend\u00e9es \u2013 et \u00e0 juste titre \u2013 en termes d\u2019exclusion et d\u2019invisibilisation ou, au contraire, de surveillance accrue (Crosby &amp; Monaghan, 2018; Maynard, 2017). Cette surveillance marque les rapports que les marges entretiennent avec le centre \u2013 lieu tr\u00e8s souvent soustrait \u00e0 l\u2019examen critique (Haraway, 2007 [1988]) et \u00e0 l\u2019int\u00e9rieur duquel se concentrent pouvoir, ressources et privil\u00e8ges. Bien que travers\u00e9es par les violences, les marges m\u00e9ritent pourtant d\u2019\u00eatre c\u00e9l\u00e9br\u00e9es dans toute leur vitalit\u00e9, leur dynamisme et leur conflictualit\u00e9. Par d\u00e9finition mouvantes, elles s\u2019offrent comme lieux de rencontres par excellence, stimulant la recherche de nouvelles mani\u00e8res de faire, d\u2019\u00eatre, de dire et de percevoir ensemble. Or, si c\u2019est souvent des marges que les dialogues et solidarit\u00e9s \u00e9mergent, ces espaces ne sont en aucun cas exempts des rapports de domination et d\u2019exploitation qui structurent nos soci\u00e9t\u00e9s. Face aux \u00e9cueils de la culpabilit\u00e9 et du d\u00e9sespoir, pouvons-nous plut\u00f4t revendiquer les potentialit\u00e9s transformatrices et, \u00e9ventuellement, gu\u00e9risseuses, de la responsabilit\u00e9 et de l\u2019inconfort (Boler, 1999)?<br>\r\n<\/br>\r\nSe pr\u00e9sentant tant\u00f4t sous forme d\u2019exercices acad\u00e9miques, tant\u00f4t sous forme de t\u00e9moignages et de cr\u00e9ations, les pens\u00e9es et exp\u00e9riences pr\u00e9sent\u00e9es dans les contributions qui composent <em>Marges &amp; Intersections<\/em> esquissent trois grandes trajectoires d\u2019exploration de cette question. La premi\u00e8re interroge les enjeux de repr\u00e9sentation et de reconnaissance des injustices et violences (physiques, \u00e9motionnelles, \u00e9pist\u00e9mologiques\u2026) telles que v\u00e9cues \u00e0 diff\u00e9rentes intersections. De son c\u00f4t\u00e9, la seconde trajectoire regroupe des textes consacr\u00e9s aux potentialit\u00e9s de subversion et d\u2019<em>empowerment<\/em> en germe dans l\u2019acte de se r\u00e9approprier des identit\u00e9s et perspectives activement d\u00e9valoris\u00e9es, voire effac\u00e9es par les normes et institutions dominantes. Finalement, la troisi\u00e8me trajectoire explore comment diff\u00e9rentes perspectives, pertinences et champs de r\u00e9flexion issus de diverses positionnalit\u00e9s peuvent se rejoindre pour cr\u00e9er des opportunit\u00e9s de solidarit\u00e9 et d\u2019innovation.<br>\r\n<\/br>\r\n\r\n\u2014\u2014\u2014<br>\r\n<\/br>\r\n\r\nLe num\u00e9ro 24 sera disponible en ligne sous peu, d\u00e8s que le num\u00e9ro 25 aura \u00e9t\u00e9 lanc\u00e9. En attendant, vous pouvez vous le procurer en format papier \u00e0 la librairie l'<a title=\"Eugu\u00e9lionne\" href=\"https:\/\/librairieleuguelionne.com\/\">Eugu\u00e9lionne<\/a>, au <a title=\"Port-de-t\u00eate\" href=\"https:\/\/www.leportdetete.com\/\">Port-de-t\u00eate<\/a>, \u00e0 la <a title=\"Coop de l\u2019UQAM\" href=\"https:\/\/www.coopuqam.com\/\">Coop de l\u2019UQAM<\/a>, ainsi qu\u2019en entrant directement en contact avec nous!<br>\r\n<\/br>\r\n\r\n<b><strong>ISSN : 1911-4176<\/strong><\/b><\/p><\/div><\/div><\/div>\n","protected":false},"excerpt":{"rendered":"","protected":false},"author":1,"featured_media":0,"parent":28,"menu_order":2,"comment_status":"closed","ping_status":"closed","template":"","meta":{"_acf_changed":false,"advgb_blocks_editor_width":"","advgb_blocks_columns_visual_guide":"","footnotes":""},"categories":[],"acf":[],"yoast_head":"<!-- This site is optimized with the Yoast SEO plugin v22.1 - https:\/\/yoast.com\/wordpress\/plugins\/seo\/ -->\n<title>Num\u00e9ro courant | Revue F\u00e9min\u00c9tudes<\/title>\n<meta name=\"robots\" content=\"index, follow, max-snippet:-1, max-image-preview:large, max-video-preview:-1\" \/>\n<link rel=\"canonical\" href=\"https:\/\/revues-alpha.uqam.ca\/feminetudes\/numeros-revue\/numero-courant\/\" \/>\n<meta property=\"og:locale\" content=\"fr_CA\" \/>\n<meta property=\"og:type\" content=\"article\" \/>\n<meta property=\"og:title\" content=\"Num\u00e9ro courant | Revue F\u00e9min\u00c9tudes\" \/>\n<meta property=\"og:url\" content=\"https:\/\/revues-alpha.uqam.ca\/feminetudes\/numeros-revue\/numero-courant\/\" \/>\n<meta property=\"og:site_name\" content=\"Revue F\u00e9min\u00c9tudes\" \/>\n<meta property=\"article:modified_time\" content=\"2024-03-14T18:06:35+00:00\" \/>\n<meta property=\"og:image\" content=\"https:\/\/revues-alpha.uqam.ca\/feminetudes\/wp-content\/uploads\/sites\/8\/2024\/04\/Logo-carre-NONOFFICIEL.png\" \/>\n\t<meta property=\"og:image:width\" content=\"360\" \/>\n\t<meta property=\"og:image:height\" content=\"360\" \/>\n\t<meta property=\"og:image:type\" content=\"image\/png\" \/>\n<meta name=\"twitter:card\" content=\"summary_large_image\" \/>\n<script type=\"application\/ld+json\" class=\"yoast-schema-graph\">{\"@context\":\"https:\/\/schema.org\",\"@graph\":[{\"@type\":\"WebPage\",\"@id\":\"https:\/\/revues-alpha.uqam.ca\/feminetudes\/numeros-revue\/numero-courant\/\",\"url\":\"https:\/\/revues-alpha.uqam.ca\/feminetudes\/numeros-revue\/numero-courant\/\",\"name\":\"Num\u00e9ro courant | Revue F\u00e9min\u00c9tudes\",\"isPartOf\":{\"@id\":\"https:\/\/revues-alpha.uqam.ca\/feminetudes\/#website\"},\"datePublished\":\"2023-02-28T14:35:26+00:00\",\"dateModified\":\"2024-03-14T18:06:35+00:00\",\"breadcrumb\":{\"@id\":\"https:\/\/revues-alpha.uqam.ca\/feminetudes\/numeros-revue\/numero-courant\/#breadcrumb\"},\"inLanguage\":\"fr-CA\",\"potentialAction\":[{\"@type\":\"ReadAction\",\"target\":[\"https:\/\/revues-alpha.uqam.ca\/feminetudes\/numeros-revue\/numero-courant\/\"]}]},{\"@type\":\"BreadcrumbList\",\"@id\":\"https:\/\/revues-alpha.uqam.ca\/feminetudes\/numeros-revue\/numero-courant\/#breadcrumb\",\"itemListElement\":[{\"@type\":\"ListItem\",\"position\":1,\"name\":\"UQAM\",\"item\":\"https:\/\/uqam.ca\"},{\"@type\":\"ListItem\",\"position\":2,\"name\":\"Revue F\u00e9min\u00c9tudes\",\"item\":\"https:\/\/revues-alpha.uqam.ca\/feminetudes\"},{\"@type\":\"ListItem\",\"position\":3,\"name\":\"Num\u00e9ros\",\"item\":\"https:\/\/revues-alpha.uqam.ca\/feminetudes\/numeros-revue\/\"},{\"@type\":\"ListItem\",\"position\":4,\"name\":\"Num\u00e9ro courant\"}]},{\"@type\":\"WebSite\",\"@id\":\"https:\/\/revues-alpha.uqam.ca\/feminetudes\/#website\",\"url\":\"https:\/\/revues-alpha.uqam.ca\/feminetudes\/\",\"name\":\"Mod\u00e8le revue\",\"description\":\"\",\"alternateName\":\"Mod\u00e8le revue UQAM\",\"potentialAction\":[{\"@type\":\"SearchAction\",\"target\":{\"@type\":\"EntryPoint\",\"urlTemplate\":\"https:\/\/revues-alpha.uqam.ca\/feminetudes\/recherche\/?q={search_term_string}\"},\"query-input\":\"required name=search_term_string\"}],\"inLanguage\":\"fr-CA\"}]}<\/script>\n<!-- \/ Yoast SEO plugin. -->","yoast_head_json":{"title":"Num\u00e9ro courant | Revue F\u00e9min\u00c9tudes","robots":{"index":"index","follow":"follow","max-snippet":"max-snippet:-1","max-image-preview":"max-image-preview:large","max-video-preview":"max-video-preview:-1"},"canonical":"https:\/\/revues-alpha.uqam.ca\/feminetudes\/numeros-revue\/numero-courant\/","og_locale":"fr_CA","og_type":"article","og_title":"Num\u00e9ro courant | Revue F\u00e9min\u00c9tudes","og_url":"https:\/\/revues-alpha.uqam.ca\/feminetudes\/numeros-revue\/numero-courant\/","og_site_name":"Revue F\u00e9min\u00c9tudes","article_modified_time":"2024-03-14T18:06:35+00:00","og_image":[{"width":360,"height":360,"url":"https:\/\/revues-alpha.uqam.ca\/feminetudes\/wp-content\/uploads\/sites\/8\/2024\/04\/Logo-carre-NONOFFICIEL.png","type":"image\/png"}],"twitter_card":"summary_large_image","schema":{"@context":"https:\/\/schema.org","@graph":[{"@type":"WebPage","@id":"https:\/\/revues-alpha.uqam.ca\/feminetudes\/numeros-revue\/numero-courant\/","url":"https:\/\/revues-alpha.uqam.ca\/feminetudes\/numeros-revue\/numero-courant\/","name":"Num\u00e9ro courant | Revue F\u00e9min\u00c9tudes","isPartOf":{"@id":"https:\/\/revues-alpha.uqam.ca\/feminetudes\/#website"},"datePublished":"2023-02-28T14:35:26+00:00","dateModified":"2024-03-14T18:06:35+00:00","breadcrumb":{"@id":"https:\/\/revues-alpha.uqam.ca\/feminetudes\/numeros-revue\/numero-courant\/#breadcrumb"},"inLanguage":"fr-CA","potentialAction":[{"@type":"ReadAction","target":["https:\/\/revues-alpha.uqam.ca\/feminetudes\/numeros-revue\/numero-courant\/"]}]},{"@type":"BreadcrumbList","@id":"https:\/\/revues-alpha.uqam.ca\/feminetudes\/numeros-revue\/numero-courant\/#breadcrumb","itemListElement":[{"@type":"ListItem","position":1,"name":"UQAM","item":"https:\/\/uqam.ca"},{"@type":"ListItem","position":2,"name":"Revue F\u00e9min\u00c9tudes","item":"https:\/\/revues-alpha.uqam.ca\/feminetudes"},{"@type":"ListItem","position":3,"name":"Num\u00e9ros","item":"https:\/\/revues-alpha.uqam.ca\/feminetudes\/numeros-revue\/"},{"@type":"ListItem","position":4,"name":"Num\u00e9ro courant"}]},{"@type":"WebSite","@id":"https:\/\/revues-alpha.uqam.ca\/feminetudes\/#website","url":"https:\/\/revues-alpha.uqam.ca\/feminetudes\/","name":"Mod\u00e8le revue","description":"","alternateName":"Mod\u00e8le revue UQAM","potentialAction":[{"@type":"SearchAction","target":{"@type":"EntryPoint","urlTemplate":"https:\/\/revues-alpha.uqam.ca\/feminetudes\/recherche\/?q={search_term_string}"},"query-input":"required name=search_term_string"}],"inLanguage":"fr-CA"}]}},"coauthors":[{"link":"https:\/\/revues-alpha.uqam.ca\/feminetudes\/author\/laporte_jon\/","display_name":"Jonathan Laporte"}],"author_meta":{"author_link":"https:\/\/revues-alpha.uqam.ca\/feminetudes\/author\/laporte_jon\/","display_name":"Jonathan Laporte"},"relative_dates":{"created":"Posted 3 ann\u00e9es ago","modified":"Updated 2 ann\u00e9es ago"},"absolute_dates":{"created":"Posted on 2023-02-28","modified":"Updated on 2024-03-14"},"absolute_dates_time":{"created":"Posted on 2023-02-28 14 h 35 min","modified":"Updated on 2024-03-14 18 h 06 min"},"featured_img_caption":"","featured_img":false,"series_order":"","_links":{"self":[{"href":"https:\/\/revues-alpha.uqam.ca\/feminetudes\/wp-json\/wp\/v2\/pages\/309"}],"collection":[{"href":"https:\/\/revues-alpha.uqam.ca\/feminetudes\/wp-json\/wp\/v2\/pages"}],"about":[{"href":"https:\/\/revues-alpha.uqam.ca\/feminetudes\/wp-json\/wp\/v2\/types\/page"}],"author":[{"embeddable":true,"href":"https:\/\/revues-alpha.uqam.ca\/feminetudes\/wp-json\/wp\/v2\/users\/1"}],"replies":[{"embeddable":true,"href":"https:\/\/revues-alpha.uqam.ca\/feminetudes\/wp-json\/wp\/v2\/comments?post=309"}],"version-history":[{"count":3,"href":"https:\/\/revues-alpha.uqam.ca\/feminetudes\/wp-json\/wp\/v2\/pages\/309\/revisions"}],"predecessor-version":[{"id":13182,"href":"https:\/\/revues-alpha.uqam.ca\/feminetudes\/wp-json\/wp\/v2\/pages\/309\/revisions\/13182"}],"up":[{"embeddable":true,"href":"https:\/\/revues-alpha.uqam.ca\/feminetudes\/wp-json\/wp\/v2\/pages\/28"}],"wp:attachment":[{"href":"https:\/\/revues-alpha.uqam.ca\/feminetudes\/wp-json\/wp\/v2\/media?parent=309"}],"wp:term":[{"taxonomy":"category","embeddable":true,"href":"https:\/\/revues-alpha.uqam.ca\/feminetudes\/wp-json\/wp\/v2\/categories?post=309"}],"curies":[{"name":"wp","href":"https:\/\/api.w.org\/{rel}","templated":true}]}}