{"id":67,"date":"2023-01-16T12:09:23","date_gmt":"2023-01-16T17:09:23","guid":{"rendered":"https:\/\/revues.dev.uqam.ca\/iref\/?page_id=67"},"modified":"2025-02-14T23:15:36","modified_gmt":"2025-02-14T23:15:36","slug":"nous-joindre","status":"publish","type":"page","link":"https:\/\/revues-alpha.uqam.ca\/feminetudes\/a-propos\/nous-joindre\/","title":{"rendered":"Nous joindre"},"content":{"rendered":"\n<div class=\"wp-block-columns is-layout-flex wp-container-core-columns-is-layout-9d6595d7 wp-block-columns-is-layout-flex\">\n<div class=\"wp-block-column is-layout-flow wp-block-column-is-layout-flow\">\n<h2 class=\"wp-block-heading\" id=\"coordonnees-cdf72881-a083-4850-9542-a667727043d4\">Coordonn\u00e9es<\/h2>\n\n\n\n<p>Universit\u00e9 du Qu\u00e9bec \u00e0 Montr\u00e9al<br>Institut de recherches et d&rsquo;\u00e9tudes f\u00e9ministes<br>Pavillon Hubert-Aquin, local A-3700<br>400, rue Sainte-Catherine Est, Montr\u00e9al H2L 2C5<\/p>\n\n\n\n<h3 class=\"wp-block-heading\" id=\"personneressource-principale-5b5ae19b-f12b-417c-9752-eab7d47e3cf1\">Adresse courriel<\/h3>\n\n\n\n<p><a href=\"mailto:revue.feminetudes@gmail.com\"><\/a>Pour toute question ou commentaire : <a href=\"mailto:revue.feminetudes@gmail.com\">revue.feminetudes@gmail.com<\/a><\/p>\n<\/div>\n\n\n\n<div class=\"wp-block-column is-layout-flow wp-block-column-is-layout-flow\">\n<h2 class=\"wp-block-heading\" id=\"reseaux-sociaux-eb4f9243-c788-4592-ab4c-a819169356f0\">R\u00e9seaux sociaux<\/h2>\n\n\n\n<ul class=\"wp-block-list\">\n<li><a href=\"https:\/\/www.facebook.com\/FeminEtudes?locale=fr_CA\">Facebook<\/a><\/li>\n\n\n\n<li><a href=\"https:\/\/www.instagram.com\/feminetudes\/\">Instagram<\/a><\/li>\n\n\n\n<li><a href=\"https:\/\/www.linkedin.com\/company\/f%C3%A9min%C3%A9tudes\/about\/?viewAsMember=true\">LinkedIn<\/a><\/li>\n<\/ul>\n\n\n\n<p><\/p>\n<\/div>\n<\/div>\n","protected":false},"excerpt":{"rendered":"<p>Coordonn\u00e9es Universit\u00e9 du Qu\u00e9bec \u00e0 Montr\u00e9alInstitut de recherches et d&rsquo;\u00e9tudes f\u00e9ministesPavillon Hubert-Aquin, local A-3700400, rue Sainte-Catherine Est, Montr\u00e9al H2L 2C5 Adresse courriel Pour toute question ou commentaire : revue.feminetudes@gmail.com R\u00e9seaux sociaux<\/p>\n","protected":false},"author":1,"featured_media":0,"parent":18,"menu_order":8,"comment_status":"closed","ping_status":"closed","template":"","meta":{"_acf_changed":false,"advgb_blocks_editor_width":"","advgb_blocks_columns_visual_guide":"","footnotes":""},"categories":[],"class_list":["post-67","page","type-page","status-publish","hentry"],"acf":[],"yoast_head":"<!-- This site is optimized with the Yoast SEO plugin v27.4 - https:\/\/yoast.com\/product\/yoast-seo-wordpress\/ -->\n<title>Nous joindre | Revue F\u00e9min\u00c9tudes<\/title>\n<meta name=\"robots\" content=\"index, follow, max-snippet:-1, max-image-preview:large, max-video-preview:-1\" \/>\n<link rel=\"canonical\" href=\"https:\/\/revues-alpha.uqam.ca\/feminetudes\/a-propos\/nous-joindre\/\" \/>\n<meta property=\"og:locale\" content=\"fr_CA\" \/>\n<meta property=\"og:type\" content=\"article\" \/>\n<meta property=\"og:title\" content=\"Nous joindre | Revue F\u00e9min\u00c9tudes\" \/>\n<meta property=\"og:description\" content=\"Coordonn\u00e9es Universit\u00e9 du Qu\u00e9bec \u00e0 Montr\u00e9alInstitut de recherches et d&rsquo;\u00e9tudes f\u00e9ministesPavillon Hubert-Aquin, local A-3700400, rue Sainte-Catherine Est, Montr\u00e9al H2L 2C5 Adresse courriel Pour toute question ou commentaire : revue.feminetudes@gmail.com R\u00e9seaux sociaux\" \/>\n<meta property=\"og:url\" content=\"https:\/\/revues-alpha.uqam.ca\/feminetudes\/a-propos\/nous-joindre\/\" \/>\n<meta property=\"og:site_name\" content=\"Revue F\u00e9min\u00c9tudes\" \/>\n<meta property=\"article:modified_time\" content=\"2025-02-14T23:15:36+00:00\" \/>\n<meta property=\"og:image\" content=\"https:\/\/revues-alpha.uqam.ca\/feminetudes\/wp-content\/uploads\/sites\/8\/2024\/04\/Logo-carre-NONOFFICIEL.png\" \/>\n\t<meta property=\"og:image:width\" content=\"360\" \/>\n\t<meta property=\"og:image:height\" content=\"360\" \/>\n\t<meta property=\"og:image:type\" content=\"image\/png\" \/>\n<meta name=\"twitter:card\" content=\"summary_large_image\" \/>\n<meta name=\"twitter:label1\" content=\"Estimation du temps de lecture\" \/>\n\t<meta name=\"twitter:data1\" content=\"1 minute\" \/>\n<script type=\"application\/ld+json\" class=\"yoast-schema-graph\">{\"@context\":\"https:\\\/\\\/schema.org\",\"@graph\":[{\"@type\":\"WebPage\",\"@id\":\"https:\\\/\\\/revues-alpha.uqam.ca\\\/feminetudes\\\/a-propos\\\/nous-joindre\\\/\",\"url\":\"https:\\\/\\\/revues-alpha.uqam.ca\\\/feminetudes\\\/a-propos\\\/nous-joindre\\\/\",\"name\":\"Nous joindre | Revue F\u00e9min\u00c9tudes\",\"isPartOf\":{\"@id\":\"https:\\\/\\\/revues-alpha.uqam.ca\\\/feminetudes\\\/#website\"},\"datePublished\":\"2023-01-16T17:09:23+00:00\",\"dateModified\":\"2025-02-14T23:15:36+00:00\",\"breadcrumb\":{\"@id\":\"https:\\\/\\\/revues-alpha.uqam.ca\\\/feminetudes\\\/a-propos\\\/nous-joindre\\\/#breadcrumb\"},\"inLanguage\":\"fr-CA\",\"potentialAction\":[{\"@type\":\"ReadAction\",\"target\":[\"https:\\\/\\\/revues-alpha.uqam.ca\\\/feminetudes\\\/a-propos\\\/nous-joindre\\\/\"]}]},{\"@type\":\"BreadcrumbList\",\"@id\":\"https:\\\/\\\/revues-alpha.uqam.ca\\\/feminetudes\\\/a-propos\\\/nous-joindre\\\/#breadcrumb\",\"itemListElement\":[{\"@type\":\"ListItem\",\"position\":1,\"name\":\"UQAM\",\"item\":\"https:\\\/\\\/uqam.ca\"},{\"@type\":\"ListItem\",\"position\":2,\"name\":\"Revue F\u00e9min\u00c9tudes\",\"item\":\"https:\\\/\\\/revues-alpha.uqam.ca\\\/feminetudes\"},{\"@type\":\"ListItem\",\"position\":3,\"name\":\"\u00c0 propos\",\"item\":\"https:\\\/\\\/revues-alpha.uqam.ca\\\/feminetudes\\\/a-propos\\\/\"},{\"@type\":\"ListItem\",\"position\":4,\"name\":\"Nous joindre\"}]},{\"@type\":\"WebSite\",\"@id\":\"https:\\\/\\\/revues-alpha.uqam.ca\\\/feminetudes\\\/#website\",\"url\":\"https:\\\/\\\/revues-alpha.uqam.ca\\\/feminetudes\\\/\",\"name\":\"Mod\u00e8le revue\",\"description\":\"\",\"alternateName\":\"Mod\u00e8le revue UQAM\",\"potentialAction\":[{\"@type\":\"SearchAction\",\"target\":{\"@type\":\"EntryPoint\",\"urlTemplate\":\"https:\\\/\\\/revues-alpha.uqam.ca\\\/feminetudes\\\/recherche\\\/?q={search_term_string}\"},\"query-input\":{\"@type\":\"PropertyValueSpecification\",\"valueRequired\":true,\"valueName\":\"search_term_string\"}}],\"inLanguage\":\"fr-CA\"}]}<\/script>\n<!-- \/ Yoast SEO plugin. -->","yoast_head_json":{"title":"Nous joindre | Revue F\u00e9min\u00c9tudes","robots":{"index":"index","follow":"follow","max-snippet":"max-snippet:-1","max-image-preview":"max-image-preview:large","max-video-preview":"max-video-preview:-1"},"canonical":"https:\/\/revues-alpha.uqam.ca\/feminetudes\/a-propos\/nous-joindre\/","og_locale":"fr_CA","og_type":"article","og_title":"Nous joindre | Revue F\u00e9min\u00c9tudes","og_description":"Coordonn\u00e9es Universit\u00e9 du Qu\u00e9bec \u00e0 Montr\u00e9alInstitut de recherches et d&rsquo;\u00e9tudes f\u00e9ministesPavillon Hubert-Aquin, local A-3700400, rue Sainte-Catherine Est, Montr\u00e9al H2L 2C5 Adresse courriel Pour toute question ou commentaire : revue.feminetudes@gmail.com R\u00e9seaux sociaux","og_url":"https:\/\/revues-alpha.uqam.ca\/feminetudes\/a-propos\/nous-joindre\/","og_site_name":"Revue F\u00e9min\u00c9tudes","article_modified_time":"2025-02-14T23:15:36+00:00","og_image":[{"width":360,"height":360,"url":"https:\/\/revues-alpha.uqam.ca\/feminetudes\/wp-content\/uploads\/sites\/8\/2024\/04\/Logo-carre-NONOFFICIEL.png","type":"image\/png"}],"twitter_card":"summary_large_image","twitter_misc":{"Estimation du temps de lecture":"1 minute"},"schema":{"@context":"https:\/\/schema.org","@graph":[{"@type":"WebPage","@id":"https:\/\/revues-alpha.uqam.ca\/feminetudes\/a-propos\/nous-joindre\/","url":"https:\/\/revues-alpha.uqam.ca\/feminetudes\/a-propos\/nous-joindre\/","name":"Nous joindre | Revue F\u00e9min\u00c9tudes","isPartOf":{"@id":"https:\/\/revues-alpha.uqam.ca\/feminetudes\/#website"},"datePublished":"2023-01-16T17:09:23+00:00","dateModified":"2025-02-14T23:15:36+00:00","breadcrumb":{"@id":"https:\/\/revues-alpha.uqam.ca\/feminetudes\/a-propos\/nous-joindre\/#breadcrumb"},"inLanguage":"fr-CA","potentialAction":[{"@type":"ReadAction","target":["https:\/\/revues-alpha.uqam.ca\/feminetudes\/a-propos\/nous-joindre\/"]}]},{"@type":"BreadcrumbList","@id":"https:\/\/revues-alpha.uqam.ca\/feminetudes\/a-propos\/nous-joindre\/#breadcrumb","itemListElement":[{"@type":"ListItem","position":1,"name":"UQAM","item":"https:\/\/uqam.ca"},{"@type":"ListItem","position":2,"name":"Revue F\u00e9min\u00c9tudes","item":"https:\/\/revues-alpha.uqam.ca\/feminetudes"},{"@type":"ListItem","position":3,"name":"\u00c0 propos","item":"https:\/\/revues-alpha.uqam.ca\/feminetudes\/a-propos\/"},{"@type":"ListItem","position":4,"name":"Nous joindre"}]},{"@type":"WebSite","@id":"https:\/\/revues-alpha.uqam.ca\/feminetudes\/#website","url":"https:\/\/revues-alpha.uqam.ca\/feminetudes\/","name":"Mod\u00e8le revue","description":"","alternateName":"Mod\u00e8le revue UQAM","potentialAction":[{"@type":"SearchAction","target":{"@type":"EntryPoint","urlTemplate":"https:\/\/revues-alpha.uqam.ca\/feminetudes\/recherche\/?q={search_term_string}"},"query-input":{"@type":"PropertyValueSpecification","valueRequired":true,"valueName":"search_term_string"}}],"inLanguage":"fr-CA"}]}},"coauthors":[{"link":"https:\/\/revues-alpha.uqam.ca\/feminetudes\/author\/laporte_jon\/","display_name":"Jonathan Laporte"}],"author_meta":{"author_link":"https:\/\/revues-alpha.uqam.ca\/feminetudes\/author\/laporte_jon\/","display_name":"Jonathan Laporte"},"relative_dates":{"created":"Posted 3 ann\u00e9es ago","modified":"Updated 1 ann\u00e9e ago"},"absolute_dates":{"created":"Posted on 2023-01-16","modified":"Updated on 2025-02-14"},"absolute_dates_time":{"created":"Posted on 2023-01-16 12 h 09 min","modified":"Updated on 2025-02-14 23 h 15 min"},"featured_img_caption":"","featured_img":false,"series_order":"","_links":{"self":[{"href":"https:\/\/revues-alpha.uqam.ca\/feminetudes\/wp-json\/wp\/v2\/pages\/67","targetHints":{"allow":["GET"]}}],"collection":[{"href":"https:\/\/revues-alpha.uqam.ca\/feminetudes\/wp-json\/wp\/v2\/pages"}],"about":[{"href":"https:\/\/revues-alpha.uqam.ca\/feminetudes\/wp-json\/wp\/v2\/types\/page"}],"author":[{"embeddable":true,"href":"https:\/\/revues-alpha.uqam.ca\/feminetudes\/wp-json\/wp\/v2\/users\/1"}],"replies":[{"embeddable":true,"href":"https:\/\/revues-alpha.uqam.ca\/feminetudes\/wp-json\/wp\/v2\/comments?post=67"}],"version-history":[{"count":9,"href":"https:\/\/revues-alpha.uqam.ca\/feminetudes\/wp-json\/wp\/v2\/pages\/67\/revisions"}],"predecessor-version":[{"id":15343,"href":"https:\/\/revues-alpha.uqam.ca\/feminetudes\/wp-json\/wp\/v2\/pages\/67\/revisions\/15343"}],"up":[{"embeddable":true,"href":"https:\/\/revues-alpha.uqam.ca\/feminetudes\/wp-json\/wp\/v2\/pages\/18"}],"wp:attachment":[{"href":"https:\/\/revues-alpha.uqam.ca\/feminetudes\/wp-json\/wp\/v2\/media?parent=67"}],"wp:term":[{"taxonomy":"category","embeddable":true,"href":"https:\/\/revues-alpha.uqam.ca\/feminetudes\/wp-json\/wp\/v2\/categories?post=67"}],"curies":[{"name":"wp","href":"https:\/\/api.w.org\/{rel}","templated":true}]}}