{"id":154,"date":"2023-01-17T17:18:20","date_gmt":"2023-01-17T22:18:20","guid":{"rendered":"https:\/\/revues.dev.uqam.ca\/iref\/?page_id=154"},"modified":"2024-04-12T01:25:12","modified_gmt":"2024-04-12T01:25:12","slug":"style-de-redaction","status":"publish","type":"page","link":"https:\/\/revues-alpha.uqam.ca\/modele\/soumission-d-un-manuscrit\/directives-aux-personnes-autrices\/style-de-redaction\/","title":{"rendered":"Style de r\u00e9daction"},"content":{"rendered":"\n<ul>\n<li><a href=\"#abreviations\">Abr\u00e9viations et acronymes<\/a><\/li>\n\n\n\n<li><a href=\"#ponctuation\">Ponctuation<\/a><\/li>\n\n\n\n<li><a href=\"#redaction\">R\u00e9daction \u00e9pic\u00e8ne<\/a><\/li>\n\n\n\n<li><a href=\"#typographie\">Typographie<\/a><\/li>\n<\/ul>\n\n\n\n<h2 class=\"wp-block-heading\" id=\"abreviations\">Abr\u00e9viations et acronymes<\/h2>\n\n\n\n<ul>\n<li><a href=\"https:\/\/vitrinelinguistique.oqlf.gouv.qc.ca\/banque-de-depannage-linguistique\/les-abreviations-et-les-symboles\">Les abr\u00e9viations et les symboles<\/a> <br>Office qu\u00e9b\u00e9cois de la langue fran\u00e7aise<\/li>\n\n\n\n<li><a href=\"https:\/\/usito.usherbrooke.ca\/index\/asas#a\">Abr\u00e9viations, sigles et acronymes, symboles<\/a><br>Usito<\/li>\n\n\n\n<li><a href=\"https:\/\/www.antidote.info\/fr\/blogue\/enquetes\/pour-les-cingles-des-sigles-et-les-accros-des-acronymes\">Pour les cingl\u00e9s des sigles et les accros des acronymes<\/a><br>Antidote<\/li>\n<\/ul>\n\n\n\n<p>Lorem ipsum dolor sit amet, consectetur adipiscing elit. Curabitur scelerisque, ligula sed sagittis interdum, dui dolor cursus risus, sed bibendum tellus nunc in nisi. Fusce ornare est ante, quis condimentum erat varius in. Praesent convallis velit eget purus euismod sodales. Morbi dignissim tellus id libero gravida ultrices. Proin vulputate dictum elit a condimentum. Curabitur suscipit, metus vel finibus rhoncus, lacus augue venenatis nibh, non consectetur sapien lectus suscipit justo. Morbi sodales sagittis lorem, id sodales erat pretium in. Ut suscipit dignissim leo. Praesent quis metus at massa rutrum porttitor vitae ac velit. Aliquam fringilla vulputate felis sed lacinia. Pellentesque sagittis convallis velit, sit amet venenatis nisl bibendum sed. Curabitur libero orci, sagittis et lectus in, tincidunt varius lorem. Vivamus eget augue sit amet mauris iaculis dictum non ut neque. Aliquam hendrerit eget augue at eleifend. Suspendisse mattis semper sem, nec posuere ex luctus non.<\/p>\n\n\n\n<h2 class=\"wp-block-heading\" id=\"ponctuation\">Ponctuation<\/h2>\n\n\n\n<ul>\n<li><a href=\"https:\/\/vitrinelinguistique.oqlf.gouv.qc.ca\/banque-de-depannage-linguistique\/la-ponctuation\">La ponctuation<\/a><br>Office qu\u00e9b\u00e9cois de la langue fran\u00e7aise<\/li>\n\n\n\n<li><a href=\"https:\/\/usito.usherbrooke.ca\/articles\/aides_%C3%A0_la_r%C3%A9daction\/LesPrincipalesR%C3%A8glesDEmploiDeLaPonctuation\">Les principales r\u00e8gles d\u2019emploi de la ponctuation<\/a><br>Usito<\/li>\n<\/ul>\n\n\n\n<p> Morbi sodales sagittis lorem, id sodales erat pretium in. Ut suscipit dignissim leo. Praesent quis metus at massa rutrum porttitor vitae ac velit. Aliquam fringilla vulputate felis sed lacinia. Pellentesque sagittis convallis velit, sit amet venenatis nisl bibendum sed. Curabitur libero orci, sagittis et lectus in, tincidunt varius lorem. Vivamus eget augue sit amet mauris iaculis dictum non ut neque. Aliquam hendrerit eget augue at eleifend. Suspendisse mattis semper sem, nec posuere ex luctus non.<\/p>\n\n\n\n<h2 class=\"wp-block-heading\" id=\"redaction\">R\u00e9daction \u00e9pic\u00e8ne<\/h2>\n\n\n\n<ul>\n<li><a href=\"https:\/\/reseau.uquebec.ca\/system\/files\/documents\/guide-communication-inclusive-universite-du-quebec-2023.pdf\">Guide de communication inclusive<\/a> (2023)<br>R\u00e9seau de l&rsquo;Universit\u00e9 du Qu\u00e9bec<\/li>\n\n\n\n<li><a href=\"https:\/\/reseau.uquebec.ca\/fr\/system\/files\/documents\/EDI\/fiche1_ecriture-inclusive_uq-2021.pdf\">Fiche aide-m\u00e9moire d&rsquo;\u00e9criture inclusive<\/a> (2021)<br>R\u00e9seau de l&rsquo;Universit\u00e9 du Qu\u00e9bec<\/li>\n\n\n\n<li><a href=\"https:\/\/vitrinelinguistique.oqlf.gouv.qc.ca\/index.php?id=23912&amp;utm_source=BDL&amp;utm_campaign=Redirection+des+anciens+outils&amp;utm_content=id%3D3912\">Principes g\u00e9n\u00e9raux de la r\u00e9daction \u00e9pic\u00e8ne<\/a><br>Office qu\u00e9b\u00e9cois de la langue fran\u00e7aise<\/li>\n<\/ul>\n\n\n\n<p>Donec luctus tempor dapibus. Vestibulum sapien nunc, placerat vel orci accumsan, sodales egestas turpis. Maecenas eget augue eget est tristique cursus. Nulla accumsan volutpat magna, et facilisis quam luctus aliquet. Aenean vitae dapibus purus. Donec pellentesque bibendum libero, nec porta dui pharetra tincidunt. Praesent malesuada justo tellus, sed scelerisque justo viverra sed.<\/p>\n\n\n\n<h2 class=\"wp-block-heading\" id=\"typographie\">Typographie (majuscules, nombres, mise en relief)<\/h2>\n\n\n\n<ul>\n<li><a href=\"https:\/\/vitrinelinguistique.oqlf.gouv.qc.ca\/banque-de-depannage-linguistique\/la-typographie\">Typographie<\/a><br>Office qu\u00e9b\u00e9cois de la langue fran\u00e7aise<\/li>\n\n\n\n<li><a href=\"https:\/\/usito.usherbrooke.ca\/index\/articles\/aider%C3%A9daction#tous\">Articles d&rsquo;aide \u00e0 la r\u00e9daction<\/a><br>Usito<\/li>\n<\/ul>\n\n\n\n<p>Etiam placerat, dolor nec euismod commodo, ligula magna ultrices nisi, vitae lacinia leo arcu a ligula. Vivamus nec orci ante. Suspendisse rutrum arcu nulla, sed cursus risus blandit vel. Vestibulum accumsan, enim vel imperdiet tincidunt, nibh leo fermentum erat, id laoreet neque quam nec ante. Donec consectetur, libero in elementum suscipit, lacus eros sagittis velit, vel euismod elit dolor quis dolor. Praesent vitae ultrices eros. Praesent condimentum ornare mi vitae vehicula. Maecenas quis placerat libero, a mollis augue. Mauris aliquet tortor id est dapibus tincidunt. Aenean quis enim pulvinar, dapibus sem quis, rutrum sem. Pellentesque aliquet commodo ante, non fringilla nulla commodo eu. Maecenas vel sapien urna.<\/p>\n","protected":false},"excerpt":{"rendered":"<p>Abr\u00e9viations et acronymes Lorem ipsum dolor sit amet, consectetur adipiscing elit. Curabitur scelerisque, ligula sed sagittis interdum, dui dolor cursus risus, sed bibendum tellus nunc in nisi. Fusce ornare est ante, quis condimentum erat varius in. Praesent convallis velit eget purus euismod sodales. Morbi dignissim tellus id libero gravida ultrices. Proin vulputate dictum elit a [&hellip;]<\/p>\n","protected":false},"author":1,"featured_media":0,"parent":24,"menu_order":1,"comment_status":"closed","ping_status":"closed","template":"","meta":{"_acf_changed":false,"advgb_blocks_editor_width":"","advgb_blocks_columns_visual_guide":"","footnotes":""},"categories":[],"acf":[],"yoast_head":"<!-- This site is optimized with the Yoast SEO plugin v22.1 - https:\/\/yoast.com\/wordpress\/plugins\/seo\/ -->\n<title>Style de r\u00e9daction | Mod\u00e8le pour une revue savante<\/title>\n<meta name=\"robots\" content=\"noindex, follow, max-snippet:-1, max-image-preview:large, max-video-preview:-1\" \/>\n<meta property=\"og:locale\" content=\"fr_CA\" \/>\n<meta property=\"og:type\" content=\"article\" \/>\n<meta property=\"og:title\" content=\"Style de r\u00e9daction | Mod\u00e8le pour une revue savante\" \/>\n<meta property=\"og:description\" content=\"Abr\u00e9viations et acronymes Lorem ipsum dolor sit amet, consectetur adipiscing elit. Curabitur scelerisque, ligula sed sagittis interdum, dui dolor cursus risus, sed bibendum tellus nunc in nisi. Fusce ornare est ante, quis condimentum erat varius in. Praesent convallis velit eget purus euismod sodales. Morbi dignissim tellus id libero gravida ultrices. Proin vulputate dictum elit a [&hellip;]\" \/>\n<meta property=\"og:url\" content=\"https:\/\/revues-alpha.uqam.ca\/modele\/soumission-d-un-manuscrit\/directives-aux-personnes-autrices\/style-de-redaction\/\" \/>\n<meta property=\"og:site_name\" content=\"Mod\u00e8le pour une revue savante\" \/>\n<meta property=\"article:modified_time\" content=\"2024-04-12T01:25:12+00:00\" \/>\n<meta property=\"og:image\" content=\"https:\/\/revues-alpha.uqam.ca\/modele\/wp-content\/uploads\/sites\/5\/2024\/04\/Logo-carre-NONOFFICIEL.png\" \/>\n\t<meta property=\"og:image:width\" content=\"360\" \/>\n\t<meta property=\"og:image:height\" content=\"360\" \/>\n\t<meta property=\"og:image:type\" content=\"image\/png\" \/>\n<meta name=\"twitter:card\" content=\"summary_large_image\" \/>\n<meta name=\"twitter:label1\" content=\"Estimation du temps de lecture\" \/>\n\t<meta name=\"twitter:data1\" content=\"3 minutes\" \/>\n<script type=\"application\/ld+json\" class=\"yoast-schema-graph\">{\"@context\":\"https:\/\/schema.org\",\"@graph\":[{\"@type\":\"WebPage\",\"@id\":\"https:\/\/revues-alpha.uqam.ca\/modele\/soumission-d-un-manuscrit\/directives-aux-personnes-autrices\/style-de-redaction\/\",\"url\":\"https:\/\/revues-alpha.uqam.ca\/modele\/soumission-d-un-manuscrit\/directives-aux-personnes-autrices\/style-de-redaction\/\",\"name\":\"Style de r\u00e9daction | Mod\u00e8le pour une revue savante\",\"isPartOf\":{\"@id\":\"https:\/\/revues-alpha.uqam.ca\/modele\/#website\"},\"datePublished\":\"2023-01-17T22:18:20+00:00\",\"dateModified\":\"2024-04-12T01:25:12+00:00\",\"breadcrumb\":{\"@id\":\"https:\/\/revues-alpha.uqam.ca\/modele\/soumission-d-un-manuscrit\/directives-aux-personnes-autrices\/style-de-redaction\/#breadcrumb\"},\"inLanguage\":\"fr-CA\",\"potentialAction\":[{\"@type\":\"ReadAction\",\"target\":[\"https:\/\/revues-alpha.uqam.ca\/modele\/soumission-d-un-manuscrit\/directives-aux-personnes-autrices\/style-de-redaction\/\"]}]},{\"@type\":\"BreadcrumbList\",\"@id\":\"https:\/\/revues-alpha.uqam.ca\/modele\/soumission-d-un-manuscrit\/directives-aux-personnes-autrices\/style-de-redaction\/#breadcrumb\",\"itemListElement\":[{\"@type\":\"ListItem\",\"position\":1,\"name\":\"UQAM\",\"item\":\"https:\/\/uqam.ca\"},{\"@type\":\"ListItem\",\"position\":2,\"name\":\"Mod\u00e8le pour une revue savante\",\"item\":\"https:\/\/revues-alpha.uqam.ca\/modele\"},{\"@type\":\"ListItem\",\"position\":3,\"name\":\"Soumission d&rsquo;un manuscrit\",\"item\":\"https:\/\/revues-alpha.uqam.ca\/modele\/soumission-d-un-manuscrit\/\"},{\"@type\":\"ListItem\",\"position\":4,\"name\":\"Directives aux personnes autrices\",\"item\":\"https:\/\/revues-alpha.uqam.ca\/modele\/soumission-d-un-manuscrit\/directives-aux-personnes-autrices\/\"},{\"@type\":\"ListItem\",\"position\":5,\"name\":\"Style de r\u00e9daction\"}]},{\"@type\":\"WebSite\",\"@id\":\"https:\/\/revues-alpha.uqam.ca\/modele\/#website\",\"url\":\"https:\/\/revues-alpha.uqam.ca\/modele\/\",\"name\":\"Mod\u00e8le revue\",\"description\":\"\",\"alternateName\":\"Mod\u00e8le revue UQAM\",\"potentialAction\":[{\"@type\":\"SearchAction\",\"target\":{\"@type\":\"EntryPoint\",\"urlTemplate\":\"https:\/\/revues-alpha.uqam.ca\/modele\/recherche\/?q={search_term_string}\"},\"query-input\":\"required name=search_term_string\"}],\"inLanguage\":\"fr-CA\"}]}<\/script>\n<!-- \/ Yoast SEO plugin. -->","yoast_head_json":{"title":"Style de r\u00e9daction | Mod\u00e8le pour une revue savante","robots":{"index":"noindex","follow":"follow","max-snippet":"max-snippet:-1","max-image-preview":"max-image-preview:large","max-video-preview":"max-video-preview:-1"},"og_locale":"fr_CA","og_type":"article","og_title":"Style de r\u00e9daction | Mod\u00e8le pour une revue savante","og_description":"Abr\u00e9viations et acronymes Lorem ipsum dolor sit amet, consectetur adipiscing elit. Curabitur scelerisque, ligula sed sagittis interdum, dui dolor cursus risus, sed bibendum tellus nunc in nisi. Fusce ornare est ante, quis condimentum erat varius in. Praesent convallis velit eget purus euismod sodales. Morbi dignissim tellus id libero gravida ultrices. Proin vulputate dictum elit a [&hellip;]","og_url":"https:\/\/revues-alpha.uqam.ca\/modele\/soumission-d-un-manuscrit\/directives-aux-personnes-autrices\/style-de-redaction\/","og_site_name":"Mod\u00e8le pour une revue savante","article_modified_time":"2024-04-12T01:25:12+00:00","og_image":[{"width":360,"height":360,"url":"https:\/\/revues-alpha.uqam.ca\/modele\/wp-content\/uploads\/sites\/5\/2024\/04\/Logo-carre-NONOFFICIEL.png","type":"image\/png"}],"twitter_card":"summary_large_image","twitter_misc":{"Estimation du temps de lecture":"3 minutes"},"schema":{"@context":"https:\/\/schema.org","@graph":[{"@type":"WebPage","@id":"https:\/\/revues-alpha.uqam.ca\/modele\/soumission-d-un-manuscrit\/directives-aux-personnes-autrices\/style-de-redaction\/","url":"https:\/\/revues-alpha.uqam.ca\/modele\/soumission-d-un-manuscrit\/directives-aux-personnes-autrices\/style-de-redaction\/","name":"Style de r\u00e9daction | Mod\u00e8le pour une revue savante","isPartOf":{"@id":"https:\/\/revues-alpha.uqam.ca\/modele\/#website"},"datePublished":"2023-01-17T22:18:20+00:00","dateModified":"2024-04-12T01:25:12+00:00","breadcrumb":{"@id":"https:\/\/revues-alpha.uqam.ca\/modele\/soumission-d-un-manuscrit\/directives-aux-personnes-autrices\/style-de-redaction\/#breadcrumb"},"inLanguage":"fr-CA","potentialAction":[{"@type":"ReadAction","target":["https:\/\/revues-alpha.uqam.ca\/modele\/soumission-d-un-manuscrit\/directives-aux-personnes-autrices\/style-de-redaction\/"]}]},{"@type":"BreadcrumbList","@id":"https:\/\/revues-alpha.uqam.ca\/modele\/soumission-d-un-manuscrit\/directives-aux-personnes-autrices\/style-de-redaction\/#breadcrumb","itemListElement":[{"@type":"ListItem","position":1,"name":"UQAM","item":"https:\/\/uqam.ca"},{"@type":"ListItem","position":2,"name":"Mod\u00e8le pour une revue savante","item":"https:\/\/revues-alpha.uqam.ca\/modele"},{"@type":"ListItem","position":3,"name":"Soumission d&rsquo;un manuscrit","item":"https:\/\/revues-alpha.uqam.ca\/modele\/soumission-d-un-manuscrit\/"},{"@type":"ListItem","position":4,"name":"Directives aux personnes autrices","item":"https:\/\/revues-alpha.uqam.ca\/modele\/soumission-d-un-manuscrit\/directives-aux-personnes-autrices\/"},{"@type":"ListItem","position":5,"name":"Style de r\u00e9daction"}]},{"@type":"WebSite","@id":"https:\/\/revues-alpha.uqam.ca\/modele\/#website","url":"https:\/\/revues-alpha.uqam.ca\/modele\/","name":"Mod\u00e8le revue","description":"","alternateName":"Mod\u00e8le revue UQAM","potentialAction":[{"@type":"SearchAction","target":{"@type":"EntryPoint","urlTemplate":"https:\/\/revues-alpha.uqam.ca\/modele\/recherche\/?q={search_term_string}"},"query-input":"required name=search_term_string"}],"inLanguage":"fr-CA"}]}},"coauthors":[{"link":"https:\/\/revues-alpha.uqam.ca\/modele\/author\/laporte_jon\/","display_name":"Jonathan Laporte"}],"author_meta":{"author_link":"https:\/\/revues-alpha.uqam.ca\/modele\/author\/laporte_jon\/","display_name":"Jonathan Laporte"},"relative_dates":{"created":"Posted 3 ann\u00e9es ago","modified":"Updated 2 ann\u00e9es ago"},"absolute_dates":{"created":"Posted on 2023-01-17","modified":"Updated on 2024-04-12"},"absolute_dates_time":{"created":"Posted on 2023-01-17 17 h 18 min","modified":"Updated on 2024-04-12 1 h 25 min"},"featured_img_caption":"","featured_img":false,"series_order":"","_links":{"self":[{"href":"https:\/\/revues-alpha.uqam.ca\/modele\/wp-json\/wp\/v2\/pages\/154"}],"collection":[{"href":"https:\/\/revues-alpha.uqam.ca\/modele\/wp-json\/wp\/v2\/pages"}],"about":[{"href":"https:\/\/revues-alpha.uqam.ca\/modele\/wp-json\/wp\/v2\/types\/page"}],"author":[{"embeddable":true,"href":"https:\/\/revues-alpha.uqam.ca\/modele\/wp-json\/wp\/v2\/users\/1"}],"replies":[{"embeddable":true,"href":"https:\/\/revues-alpha.uqam.ca\/modele\/wp-json\/wp\/v2\/comments?post=154"}],"version-history":[{"count":23,"href":"https:\/\/revues-alpha.uqam.ca\/modele\/wp-json\/wp\/v2\/pages\/154\/revisions"}],"predecessor-version":[{"id":13452,"href":"https:\/\/revues-alpha.uqam.ca\/modele\/wp-json\/wp\/v2\/pages\/154\/revisions\/13452"}],"up":[{"embeddable":true,"href":"https:\/\/revues-alpha.uqam.ca\/modele\/wp-json\/wp\/v2\/pages\/24"}],"wp:attachment":[{"href":"https:\/\/revues-alpha.uqam.ca\/modele\/wp-json\/wp\/v2\/media?parent=154"}],"wp:term":[{"taxonomy":"category","embeddable":true,"href":"https:\/\/revues-alpha.uqam.ca\/modele\/wp-json\/wp\/v2\/categories?post=154"}],"curies":[{"name":"wp","href":"https:\/\/api.w.org\/{rel}","templated":true}]}}